{"id":828,"date":"2020-03-14T14:06:54","date_gmt":"2020-03-14T13:06:54","guid":{"rendered":"https:\/\/www.pfarresanktnikolaus.at\/wp\/?page_id=828"},"modified":"2025-03-14T14:49:54","modified_gmt":"2025-03-14T13:49:54","slug":"wir-ueber-uns","status":"publish","type":"page","link":"https:\/\/www.pfarresanktnikolaus.at\/wp\/?page_id=828","title":{"rendered":"Wir \u00fcber uns"},"content":{"rendered":"\n<p>Auf den folgenden Seiten k\u00f6nnen Sie etwas \u00fcber unsere Pfarre erfahren:<\/p>\n\n\n\n<h4 class=\"wp-block-heading has-vivid-cyan-blue-color has-text-color has-link-color wp-elements-e199bdd433196f9772ffec731fe6a010\"><a href=\"https:\/\/www.pfarresanktnikolaus.at\/wp\/?page_id=6793\">Pastoralkonzept<\/a><\/h4>\n\n\n\n<p>Hier finden Sie, was unsere Pfarre ausmacht und vielleicht von anderen Pfarren unterscheidet.<\/p>\n\n\n\n<h4 class=\"wp-block-heading has-vivid-cyan-blue-color has-text-color has-link-color wp-elements-47755fefd03bae4c76d457328862f7a3\"><a href=\"https:\/\/www.pfarresanktnikolaus.at\/wp\/?page_id=31\">Team &amp; Kanzlei<\/a><\/h4>\n\n\n\n<p>Informationen zu unserem Pfarrleitungsteam, Pfarrgemeinderat, Verm\u00f6gensverwaltungsrat und Pfarrsekret\u00e4rin.<\/p>\n\n\n\n<h4 class=\"wp-block-heading has-vivid-cyan-blue-color has-text-color has-link-color wp-elements-85b099eb05a2919155608d2e2c99d910\"><a href=\"https:\/\/www.pfarresanktnikolaus.at\/wp\/?page_id=165\">Kontaktpersonen f\u00fcr Themen<\/a><\/h4>\n\n\n\n<p>An wen Sie sich wenden k\u00f6nnen bez\u00fcglich Musik, Liturgie, EZA, der Technik, der Ausstattung des Pfarrheims u.\u00e4.<\/p>\n\n\n\n<h4 class=\"wp-block-heading has-vivid-cyan-blue-color has-text-color has-link-color wp-elements-2bc270bffd8a24a11deea65847586b17\"><a href=\"https:\/\/www.pfarresanktnikolaus.at\/wp\/?page_id=87\">Geschichte<\/a><\/h4>\n\n\n\n<p>Die bewegte Geschichte und historische Entwicklung unserer Pfarre.<\/p>\n\n\n\n<h4 class=\"wp-block-heading has-vivid-cyan-blue-color has-text-color has-link-color wp-elements-fb6d2ffb048f55e487036a7bf43ec39c\"><a href=\"https:\/\/www.pfarresanktnikolaus.at\/wp\/?page_id=26\">Kirchengeb\u00e4ude<\/a><\/h4>\n\n\n\n<p>N\u00e4heres zur Ausstattung unserer vor 200 Jahren erbauten Kirche sowie die von Prof. Anton Lehmden gestalteten Kirchenfenster und den Kreuzweg.<\/p>\n\n\n\n<p class=\"has-vivid-cyan-blue-color has-text-color has-link-color wp-elements-7126a08a3b73aa8241eb93786e7fdc81\"><strong><a href=\"https:\/\/www.pfarresanktnikolaus.at\/wp\/?page_id=5385\">Inzersdorf-Messe<\/a><\/strong><\/p>\n\n\n\n<p>Download-M\u00f6glichkeit der 2023 uraufgef\u00fchrten Inzersdorf-Messe von Walter Krieger und Oswald Amtmann.<\/p>\n\n\n\n<p><\/p>\n\n\n\n<p><\/p>\n\n\n\n<h4 class=\"wp-block-heading\">Sie suchen etwas anderes?<\/h4>\n\n\n\n<p>Informationen \u00fcber einzelne pfarrliche Angebote und Gruppen gibt es <a href=\"https:\/\/www.pfarresanktnikolaus.at\/wp\/?page_id=826\">hier<\/a>. Aktuelle Terminank\u00fcndigungen und Verlautbarungen finden Sie <a href=\"https:\/\/www.pfarresanktnikolaus.at\/wp?post_type=tribe_events\">hier<\/a>.<\/p>\n\n\n<form role=\"search\" method=\"get\" action=\"https:\/\/www.pfarresanktnikolaus.at\/wp\/\" class=\"wp-block-search__button-outside wp-block-search__text-button wp-block-search\"    ><label class=\"wp-block-search__label\" for=\"wp-block-search__input-1\" >Sie k\u00f6nnen auch die Suchfunktion nutzen:<\/label><div class=\"wp-block-search__inside-wrapper \" ><input class=\"wp-block-search__input\" id=\"wp-block-search__input-1\" placeholder=\"\" value=\"\" type=\"search\" name=\"s\" required \/><button aria-label=\"Suchen\" class=\"wp-block-search__button wp-element-button\" type=\"submit\" >Suchen<\/button><\/div><\/form>\n\n","protected":false},"excerpt":{"rendered":"<p>Auf den folgenden Seiten k\u00f6nnen Sie etwas \u00fcber unsere Pfarre erfahren: Pastoralkonzept Hier finden Sie, was unsere Pfarre ausmacht und vielleicht von anderen Pfarren unterscheidet. Team &amp; Kanzlei Informationen zu [&hellip;]<\/p>\n","protected":false},"author":1,"featured_media":0,"parent":0,"menu_order":0,"comment_status":"closed","ping_status":"closed","template":"","meta":{"inline_featured_image":false,"footnotes":""},"class_list":["post-828","page","type-page","status-publish","hentry"],"_links":{"self":[{"href":"https:\/\/www.pfarresanktnikolaus.at\/wp\/index.php?rest_route=\/wp\/v2\/pages\/828","targetHints":{"allow":["GET"]}}],"collection":[{"href":"https:\/\/www.pfarresanktnikolaus.at\/wp\/index.php?rest_route=\/wp\/v2\/pages"}],"about":[{"href":"https:\/\/www.pfarresanktnikolaus.at\/wp\/index.php?rest_route=\/wp\/v2\/types\/page"}],"author":[{"embeddable":true,"href":"https:\/\/www.pfarresanktnikolaus.at\/wp\/index.php?rest_route=\/wp\/v2\/users\/1"}],"replies":[{"embeddable":true,"href":"https:\/\/www.pfarresanktnikolaus.at\/wp\/index.php?rest_route=%2Fwp%2Fv2%2Fcomments&post=828"}],"version-history":[{"count":10,"href":"https:\/\/www.pfarresanktnikolaus.at\/wp\/index.php?rest_route=\/wp\/v2\/pages\/828\/revisions"}],"predecessor-version":[{"id":6823,"href":"https:\/\/www.pfarresanktnikolaus.at\/wp\/index.php?rest_route=\/wp\/v2\/pages\/828\/revisions\/6823"}],"wp:attachment":[{"href":"https:\/\/www.pfarresanktnikolaus.at\/wp\/index.php?rest_route=%2Fwp%2Fv2%2Fmedia&parent=828"}],"curies":[{"name":"wp","href":"https:\/\/api.w.org\/{rel}","templated":true}]}}