{"id":826,"date":"2020-03-14T14:06:31","date_gmt":"2020-03-14T13:06:31","guid":{"rendered":"https:\/\/www.pfarresanktnikolaus.at\/wp\/?page_id=826"},"modified":"2025-01-29T23:29:07","modified_gmt":"2025-01-29T22:29:07","slug":"angebote-mitmachen","status":"publish","type":"page","link":"https:\/\/www.pfarresanktnikolaus.at\/wp\/?page_id=826","title":{"rendered":"Angebote &#038; Mitmachen"},"content":{"rendered":"\n<p>In unserer Pfarre gibt es viele seelsorgerische Angebote und Freizeitgruppen, die sich an alle Menschen richten. Bitte klicken Sie auf die untenstehenden \u00dcberschriften, um zu genaueren Informationen zu gelangen.<\/p>\n\n\n\n<h4 class=\"wp-block-heading has-vivid-cyan-blue-color has-text-color has-link-color wp-elements-7d1118c71de13bc9effbdac0c6f3041a\"><a href=\"https:\/\/www.pfarresanktnikolaus.at\/wp\/?page_id=75\">Angebote f\u00fcr Kinder<\/a><\/h4>\n\n\n\n<p>Kinderturnen, Jungschar, Pfadfinder, Erstkommunion, Sternsingen, Gottesdienste f\u00fcr Kinder, Kindergarten<\/p>\n\n\n\n<h4 class=\"wp-block-heading has-vivid-cyan-blue-color has-text-color has-link-color wp-elements-2be2202c9981f342a248231c81dcb023\"><a href=\"https:\/\/www.pfarresanktnikolaus.at\/wp\/?page_id=77\">Angebote f\u00fcr Jugendliche<\/a><\/h4>\n\n\n\n<p>Jugendgruppen, Firmung<\/p>\n\n\n\n<h4 class=\"wp-block-heading has-vivid-cyan-blue-color has-text-color has-link-color wp-elements-6ee462003643a5ba9ea99d52068601ee\"><a href=\"https:\/\/www.pfarresanktnikolaus.at\/wp\/?page_id=79\">Angebote f\u00fcr Erwachsene<\/a><\/h4>\n\n\n\n<p>BIBELimGESPR\u00c4CH, Bastelrunde, Tanzgruppe, Club 50plus, Chor Char\u00e0, Pfarrcaf\u00e9, Trauung, Erwachsenenfirmung<\/p>\n\n\n\n<h4 class=\"wp-block-heading has-vivid-cyan-blue-color has-text-color has-link-color wp-elements-a4ce087a20d506a8ba33c750f7a67fa7\"><a href=\"https:\/\/www.pfarresanktnikolaus.at\/wp\/?page_id=81\">Maria 2.0<\/a><\/h4>\n\n\n\n<p>Initiative zur Gleichstellung der Frauen in der katholischen Kirche<\/p>\n\n\n\n<h4 class=\"wp-block-heading has-vivid-cyan-blue-color has-text-color has-link-color wp-elements-073dff78cb3538d40420369b89418632\"><a href=\"https:\/\/www.pfarresanktnikolaus.at\/wp\/?page_id=20\">Taufe, Beichte, Krankensalbung<\/a><\/h4>\n\n\n\n<p>Infos zur Taufanmeldung, M\u00f6glichkeit zur Beichte und Krankensalbung<\/p>\n\n\n\n<h4 class=\"wp-block-heading\">Sie suchen etwas anderes?<\/h4>\n\n\n\n<p>Falls Sie musizieren wollen oder in der Liturgie, der Entwicklungszusammenarbeit, dem Caritaskreis sowie in anderen Bereichen der Pfarre mitwirken m\u00f6chten, werfen Sie bitte einen Blick auf die Liste der <a href=\"https:\/\/www.pfarresanktnikolaus.at\/wp\/?page_id=165\">Ansprechpersonen<\/a>.<\/p>\n","protected":false},"excerpt":{"rendered":"<p>In unserer Pfarre gibt es viele seelsorgerische Angebote und Freizeitgruppen, die sich an alle Menschen richten. Bitte klicken Sie auf die untenstehenden \u00dcberschriften, um zu genaueren Informationen zu gelangen. Angebote [&hellip;]<\/p>\n","protected":false},"author":1,"featured_media":1802,"parent":0,"menu_order":0,"comment_status":"closed","ping_status":"closed","template":"","meta":{"inline_featured_image":false,"footnotes":""},"class_list":["post-826","page","type-page","status-publish","has-post-thumbnail","hentry"],"_links":{"self":[{"href":"https:\/\/www.pfarresanktnikolaus.at\/wp\/index.php?rest_route=\/wp\/v2\/pages\/826","targetHints":{"allow":["GET"]}}],"collection":[{"href":"https:\/\/www.pfarresanktnikolaus.at\/wp\/index.php?rest_route=\/wp\/v2\/pages"}],"about":[{"href":"https:\/\/www.pfarresanktnikolaus.at\/wp\/index.php?rest_route=\/wp\/v2\/types\/page"}],"author":[{"embeddable":true,"href":"https:\/\/www.pfarresanktnikolaus.at\/wp\/index.php?rest_route=\/wp\/v2\/users\/1"}],"replies":[{"embeddable":true,"href":"https:\/\/www.pfarresanktnikolaus.at\/wp\/index.php?rest_route=%2Fwp%2Fv2%2Fcomments&post=826"}],"version-history":[{"count":6,"href":"https:\/\/www.pfarresanktnikolaus.at\/wp\/index.php?rest_route=\/wp\/v2\/pages\/826\/revisions"}],"predecessor-version":[{"id":6646,"href":"https:\/\/www.pfarresanktnikolaus.at\/wp\/index.php?rest_route=\/wp\/v2\/pages\/826\/revisions\/6646"}],"wp:featuredmedia":[{"embeddable":true,"href":"https:\/\/www.pfarresanktnikolaus.at\/wp\/index.php?rest_route=\/wp\/v2\/media\/1802"}],"wp:attachment":[{"href":"https:\/\/www.pfarresanktnikolaus.at\/wp\/index.php?rest_route=%2Fwp%2Fv2%2Fmedia&parent=826"}],"curies":[{"name":"wp","href":"https:\/\/api.w.org\/{rel}","templated":true}]}}