{"id":79,"date":"2020-03-04T14:15:58","date_gmt":"2020-03-04T13:15:58","guid":{"rendered":"https:\/\/www.pfarresanktnikolaus.at\/wp\/?page_id=79"},"modified":"2025-10-07T22:31:21","modified_gmt":"2025-10-07T20:31:21","slug":"angebote-fuer-erwachsene","status":"publish","type":"page","link":"https:\/\/www.pfarresanktnikolaus.at\/wp\/?page_id=79","title":{"rendered":"Angebote f\u00fcr Erwachsene"},"content":{"rendered":"\n<p><strong>Sie suchen Gemeinschaft?<\/strong><br>Feiern Sie mit uns, kn\u00fcpfen Sie Kontakt und finden Sie Ihren Platz in unseren Gruppen.<\/p>\n\n\n\n<p><strong>Sie m\u00f6chten sich engagieren?<\/strong><br>Es gibt Verschiedenstes zu tun \u2013 zum Beispiel einmal ein Pfarrcaf\u00e9 betreuen oder einen Kuchen mit-<br>bringen. Wir suchen LektorInnen, KommunionspenderInnen und MesnerInnen (es gibt auch von der Erzdi\u00f6zese Wien spezielle Kurse daf\u00fcr).<\/p>\n\n\n\n<p><strong>Sie haben Ideen? Bringen Sie sie ein!<\/strong><br>Kommen Sie zu unserem Stammtisch ins Pfarrcaf\u00e9 oder schreiben Sie uns ein Mail an <a href=\"mailto:pfarre.inzersdorf@katholischekirche.at\">pfarre.inzersdorf@katholischekirche.at<\/a><br><br>Wir freuen uns auf Sie!<\/p>\n\n\n\n<h2 class=\"wp-block-heading\">Angebote f\u00fcr Alle<\/h2>\n\n\n\n<h3 class=\"wp-block-heading\" id=\"erwachsenenfirmung\">Erwachsenenfirmung<\/h3>\n\n\n\n<p class=\"auto-style2\"><span class=\"auto-style4\">Wollen Sie das Sakrament der Firmung erhalten und sind schon etwas \u00e4lter? <br>Eine<\/span> <strong>Erwachsenenfirmung<\/strong><span class=\"auto-style4\"> ist individuell m\u00f6glich, kontaktieren Sie hierzu bitte die <a href=\"\/wp\/?page_id=31\">Pfarrkanzlei<\/a>. <\/span><\/p>\n\n\n\n<h3 class=\"wp-block-heading\" id=\"trauung\">Trauung<\/h3>\n\n\n\n<p class=\"auto-style2\"><span class=\"auto-style4\">Sie wollen sich trauen lassen?<br>Bitte nehmen Sie folgende <\/span><strong>Dokumente zur Trauungsanmeldung<\/strong><span class=\"auto-style4\"> in die <a href=\"\/wp\/?page_id=31\">Pfarrkanzlei<\/a> mit:<\/span><\/p>\n\n\n\n<ul class=\"wp-block-list\">\n<li>Geburtsurkunde der Brautleute<\/li>\n\n\n\n<li>Meldezettel<\/li>\n\n\n\n<li>Lichtbildausweis<\/li>\n\n\n\n<li>Taufscheine<\/li>\n\n\n\n<li>Bei eventuellen standesamtlichen Vorehen: Heiratsurkunde  und Scheidungsdekret<\/li>\n\n\n\n<li><font color=\"#000080\"><b> <\/b><\/font><strong>Trauzeugen<\/strong>:<font color=\"#000080\"> <\/font>Kopien von Lichtbildausweis und Meldezettel<\/li>\n<\/ul>\n\n\n\n<p class=\"auto-style2\"><span class=\"auto-style4\">Bitte <\/span><strong>mindestens 6 Monate  vor dem gew\u00fcnschten Trautermin<\/strong> <span class=\"auto-style4\">anmelden, da verschiedene  Termine zu ber\u00fccksichtigen sind (Eheseminar und Trauungs- u.  Ritusgespr\u00e4ch)<\/span><\/p>\n\n\n\n<h3 class=\"wp-block-heading\" id=\"bibelimgespr\u00e4ch\"><strong>BIBELimGESPR\u00c4CH<\/strong><\/h3>\n\n\n\n<p>Ein offenes Treffen f\u00fcr alle, die unsere Heilige Schrift besser kennen und verstehen lernen wollen.<br>Detaillierte Informationen zu Terminen finden Sie in unserem Terminkalender sowie im Mitteilungsblatt.<br>Ansprechperson: <strong>Helga Bresich<\/strong><\/p>\n\n\n\n<h3 class=\"wp-block-heading\" id=\"geburtstagsmessen\"><strong>Geburtstagsmessen<\/strong><\/h3>\n\n\n\n<p>In der Regel jeden letzten Sonntag im Monat w\u00e4hrend der Sonntagsmesse um 09.00 Uhr. Es sind alle Geburtstagskinder des Monats herzlich eingeladen. Werden aus Termingr\u00fcnden 2 Monate zusammengelegt, entnehmen Sie den Termin bitte den aktuellen Pfarrmitteilungen. Im Anschluss an die Messe gibt es ein kleines Pr\u00e4sent und die Einladung ins Pfarrcaf\u00e9 zur Geburtstagsjause (<a rel=\"noreferrer noopener\" href=\"https:\/\/www.pfarresanktnikolaus.at\/wp\/?p=3114\" target=\"_blank\">N\u00e4here Informationen<\/a>).<br>Ansprechperson: <strong>Nina Chalupsky, Renate Kletzl<\/strong><\/p>\n\n\n\n<h3 class=\"wp-block-heading\" id=\"bastelrunde\"><strong>Bastelrunde<\/strong><\/h3>\n\n\n\n<p>Detaillierte Informationen werden in Zukunft bekanntgegeben.<br>F\u00fcr die Termine unserer regelm\u00e4\u00dfigen Treffen beachten Sie bitte den Terminkalender und die Pfarmitteilungen.<br>Ansprechperson: <strong>Christine Sengseis<\/strong><\/p>\n\n\n\n<h3 class=\"wp-block-heading\"><\/h3>\n\n\n\n<p><\/p>\n\n\n\n<h3 class=\"wp-block-heading\" id=\"spirituelles\"><strong>Spirituelles<\/strong><\/h3>\n\n\n\n<p>In der  Fasten- und Adventzeit gibt es besondere spirituelle Angebote. Behalten Sie  die Terminank\u00fcndigungen der Pfarre im Auge. <br>Ansprechperson: <strong>Helga Bresich<\/strong><\/p>\n\n\n\n<h3 class=\"wp-block-heading\"><\/h3>\n\n\n\n<p><\/p>\n\n\n\n<h3 class=\"wp-block-heading\" id=\"jungeerw\">Junge Erwachsene<\/h3>\n\n\n\n<p>Unregelm\u00e4\u00dfige Angebote und Events f\u00fcr 18- bis ~35j\u00e4hrige. Traditioneller Punschabend im Advent.<br>Ansprechperson: <strong>Katharina Trimmel<\/strong><\/p>\n\n\n\n<h3 class=\"wp-block-heading\" id=\"chorchara\"><strong>Chor Char\u00e0<\/strong><\/h3>\n\n\n\n<p>Die S\u00e4ngerinnen des Chors Char\u00e0 gestalten neben Gottesdiensten auch Adventsabende und sind bei  Chorfesten oder Pfarrveranstaltungen vertreten.<br>Neuzug\u00e4nge sind stets willkommen, bitte setzen Sie sich mit der Ansprechperson in Kontakt.<br>Das Repertoire reicht von neuen geistlichen Liedern \u00fcber Gospels bis hin zu modernen und klassischen St\u00fccken.<br>Ansprechperson: <strong>Nina Chalupsky<\/strong><\/p>\n\n\n\n<h3 class=\"wp-block-heading\" id=\"pfarrcafe\"><strong>Pfarrcaf\u00e9<\/strong><\/h3>\n\n\n\n<div class=\"wp-block-columns is-layout-flex wp-container-core-columns-is-layout-9d6595d7 wp-block-columns-is-layout-flex\">\n<div class=\"wp-block-column is-layout-flow wp-block-column-is-layout-flow\" style=\"flex-basis:66.66%\">\n<p>Gem\u00fctliches Zusammensitzen bei Kaffee und Kuchen in unserem Pfarrheim ist Tradition nach (beinahe) jeder Sonntagsmesse.<br>Wenn auch Sie sich einmal um Verpflegung und die Organisation k\u00fcmmern wollen, tragen Sie sich einfach in die aush\u00e4ngende Liste ein!<strong><br><\/strong>Ansprechperson: <strong>Helga Bresich<\/strong><\/p>\n<\/div>\n\n\n\n<div class=\"wp-block-column is-layout-flow wp-block-column-is-layout-flow\" style=\"flex-basis:33.33%\">\n<figure class=\"wp-block-image size-large\"><img loading=\"lazy\" decoding=\"async\" width=\"946\" height=\"1024\" src=\"https:\/\/www.pfarresanktnikolaus.at\/wp\/wp-content\/uploads\/2022\/05\/pfarrcafe-946x1024.jpg\" alt=\"F\u00fcnf H\u00e4nde greifen nach Kuchen, der auf einem Teller liegt.\" class=\"wp-image-4520\" srcset=\"https:\/\/www.pfarresanktnikolaus.at\/wp\/wp-content\/uploads\/2022\/05\/pfarrcafe-946x1024.jpg 946w, https:\/\/www.pfarresanktnikolaus.at\/wp\/wp-content\/uploads\/2022\/05\/pfarrcafe-277x300.jpg 277w, https:\/\/www.pfarresanktnikolaus.at\/wp\/wp-content\/uploads\/2022\/05\/pfarrcafe-768x832.jpg 768w, https:\/\/www.pfarresanktnikolaus.at\/wp\/wp-content\/uploads\/2022\/05\/pfarrcafe.jpg 1315w\" sizes=\"auto, (max-width: 946px) 100vw, 946px\" \/><\/figure>\n<\/div>\n<\/div>\n\n\n\n<h2 class=\"wp-block-heading\">Nicht-\u00f6ffentliche Angebote und Gruppen<\/h2>\n\n\n\n<p>In unserer Pfarre gibt es Gruppen, in denen sich Menschen mit ihrem Glauben besch\u00e4ftigen (Gespr\u00e4chsrunden, &#8222;Zug\u00e4nge zu meiner Glaubenserfahrung&#8220;). Diese Gruppen sind nicht f\u00fcr die \u00d6ffentlichkeit ge\u00f6ffnet.<br>Haben Sie Interesse, eine \u00e4hnliche Gruppe zu starten?<br>Dann melden Sie sich gerne in der Pfarrkanzlei.<\/p>\n\n\n\n<h2 class=\"wp-block-heading\">Mitarbeit bei Projekten und Themen<\/h2>\n\n\n\n<p>Haben Sie Interesse, in der Pfarre mitzuarbeiten? Haben Sie ein Herzensthema? Bitte werfen Sie einen Blick auf unsere <a href=\"https:\/\/www.pfarresanktnikolaus.at\/wp\/?page_id=165\" data-type=\"page\" data-id=\"165\">Liste der Ansprechpartner<\/a> und kontaktieren Sie die jeweilige Person f\u00fcr Ihr Thema.<\/p>\n","protected":false},"excerpt":{"rendered":"<p>Hier gibt es Informationen zur Erwachsenenfirmung, zum Bibelkreis \u201eBIBELimGESPR\u00c4CH\u201c, zu unserer Tanzgruppe, zum \u201eClub 50 plus\u201c, zum sonnt\u00e4glichen Pfarrcaf\u00e9 und zum Chor Char\u00e0. <\/p>\n","protected":false},"author":6,"featured_media":1945,"parent":0,"menu_order":0,"comment_status":"closed","ping_status":"closed","template":"","meta":{"inline_featured_image":false,"footnotes":""},"class_list":["post-79","page","type-page","status-publish","has-post-thumbnail","hentry"],"_links":{"self":[{"href":"https:\/\/www.pfarresanktnikolaus.at\/wp\/index.php?rest_route=\/wp\/v2\/pages\/79","targetHints":{"allow":["GET"]}}],"collection":[{"href":"https:\/\/www.pfarresanktnikolaus.at\/wp\/index.php?rest_route=\/wp\/v2\/pages"}],"about":[{"href":"https:\/\/www.pfarresanktnikolaus.at\/wp\/index.php?rest_route=\/wp\/v2\/types\/page"}],"author":[{"embeddable":true,"href":"https:\/\/www.pfarresanktnikolaus.at\/wp\/index.php?rest_route=\/wp\/v2\/users\/6"}],"replies":[{"embeddable":true,"href":"https:\/\/www.pfarresanktnikolaus.at\/wp\/index.php?rest_route=%2Fwp%2Fv2%2Fcomments&post=79"}],"version-history":[{"count":31,"href":"https:\/\/www.pfarresanktnikolaus.at\/wp\/index.php?rest_route=\/wp\/v2\/pages\/79\/revisions"}],"predecessor-version":[{"id":7354,"href":"https:\/\/www.pfarresanktnikolaus.at\/wp\/index.php?rest_route=\/wp\/v2\/pages\/79\/revisions\/7354"}],"wp:featuredmedia":[{"embeddable":true,"href":"https:\/\/www.pfarresanktnikolaus.at\/wp\/index.php?rest_route=\/wp\/v2\/media\/1945"}],"wp:attachment":[{"href":"https:\/\/www.pfarresanktnikolaus.at\/wp\/index.php?rest_route=%2Fwp%2Fv2%2Fmedia&parent=79"}],"curies":[{"name":"wp","href":"https:\/\/api.w.org\/{rel}","templated":true}]}}