{"id":75,"date":"2020-03-04T14:15:22","date_gmt":"2020-03-04T13:15:22","guid":{"rendered":"https:\/\/www.pfarresanktnikolaus.at\/wp\/?page_id=75"},"modified":"2026-01-10T18:22:21","modified_gmt":"2026-01-10T17:22:21","slug":"angebote-fuer-kinder","status":"publish","type":"page","link":"https:\/\/www.pfarresanktnikolaus.at\/wp\/?page_id=75","title":{"rendered":"Angebote f\u00fcr Kinder"},"content":{"rendered":"\n<p>Unsere Pfarre bietet ein breites Programm f\u00fcr Kinder \u2013 von Sport- und Freizeitangeboten bis hin zu Gottesdiensten, die gezielt f\u00fcr Kinder gestaltet werden.<\/p>\n\n\n\n<p><\/p>\n\n\n\n<h4 class=\"wp-block-heading\" id=\"jungschar\">Jungschar<\/h4>\n\n\n\n<p>Die Jungschar ist ein Freizeitangebot an Sch\u00fcler und Sch\u00fclerinnen, wo sie sich in einer Gruppe bewegen und aktiv sein k\u00f6nnen, Freundschaften schlie\u00dfen, ihre Talente entdecken und eine eigene Meinung bilden k\u00f6nnen. Die Jungschar bietet Ihrem Kind:<\/p>\n\n\n\n<ul class=\"wp-block-list\">\n<li>sportliche Bet\u00e4tigung \u2013 ob bei Tischtennis, Merkball oder anderen Spielen<\/li>\n\n\n\n<li>Social Skills \u2013 gemeinsam wird gespielt und gebastelt<\/li>\n\n\n\n<li>etwas neues lernen und reflektieren \u2013 Themen erarbeiten und diskutieren (von &#8222;Woher kommt unser Obst?&#8220; bis &#8222;Kinderrechte&#8220;)<\/li>\n<\/ul>\n\n\n\n<p><strong>Jungschar-Gruppenstunden:<\/strong><br>Die Jungscharstunden finden zwischen Oktober und Juni im Jungscharheim statt. Sie stehen f\u00fcr alle Kinder der Volksschule und Sch\u00fcler*innen der AHS-Unterstufe\/Mittelschule offen.<br>Die n\u00e4chsten Termine der Gruppenstunden finden Sie immer <a href=\"https:\/\/www.pfarresanktnikolaus.at\/wp\/?page_id=6142\" data-type=\"page\" data-id=\"6142\">in unserem Kalender<\/a>.<br><br>Der Besuch der w\u00f6chentlichen Gruppenstunden ist gratis. Das Jungscharheim befindet sich im Pfarrhof \u2013 Hier ist ein <a href=\"\/wp\/?page_id=362\">Lageplan.<\/a><\/p>\n\n\n<div class=\"wp-block-image\">\n<figure class=\"alignright size-large is-resized\"><a href=\"https:\/\/www.pfarresanktnikolaus.at\/wp\/wp-content\/uploads\/2020\/03\/kinder1-scaled.jpg\" data-rel=\"lightbox-gallery-aTZfRc8w\" data-rl_title=\"\" data-rl_caption=\"\" title=\"\"><img loading=\"lazy\" decoding=\"async\" width=\"1024\" height=\"320\" src=\"https:\/\/www.pfarresanktnikolaus.at\/wp\/wp-content\/uploads\/2020\/03\/kinder1-1024x320.jpg\" alt=\"Kinder spielen Seilziehen am Jungscharlager. \u00a9 Jungschar St. Nikolaus \/ Ude \/ Von Stietencron \/ Knell\" class=\"wp-image-765\" style=\"width:337px;height:105px\" srcset=\"https:\/\/www.pfarresanktnikolaus.at\/wp\/wp-content\/uploads\/2020\/03\/kinder1-1024x320.jpg 1024w, https:\/\/www.pfarresanktnikolaus.at\/wp\/wp-content\/uploads\/2020\/03\/kinder1-300x94.jpg 300w, https:\/\/www.pfarresanktnikolaus.at\/wp\/wp-content\/uploads\/2020\/03\/kinder1-768x240.jpg 768w, https:\/\/www.pfarresanktnikolaus.at\/wp\/wp-content\/uploads\/2020\/03\/kinder1-1536x480.jpg 1536w, https:\/\/www.pfarresanktnikolaus.at\/wp\/wp-content\/uploads\/2020\/03\/kinder1-2048x641.jpg 2048w, https:\/\/www.pfarresanktnikolaus.at\/wp\/wp-content\/uploads\/2020\/03\/kinder1-1600x500.jpg 1600w\" sizes=\"auto, (max-width: 1024px) 100vw, 1024px\" \/><\/a><\/figure><\/div>\n\n\n<p>Einmal im Jahr gibt es ein kostenpflichtiges <strong>Jungscharlager<\/strong>, bei dem wir ein paar Tage gemeinsam in eine Jugendherberge fahren und Gel\u00e4ndespiele spielen, wandern und den Sommer genie\u00dfen. Meistens findet das Jungscharlager in der Woche rund um den 15. August statt.<\/p>\n\n\n\n<p><strong>Ansprechperson:<\/strong> Philipp Lang und Thomas Heimhilcher (Jungscharteam)<\/p>\n\n\n\n<h4 class=\"wp-block-heading\" id=\"onlineinhalte\">Online-Inhalte f\u00fcr Kinder<\/h4>\n\n\n\n<p>Auf der Seite <a href=\"https:\/\/www.pfarresanktnikolaus.at\/wp\/?p=1437\">&#8222;Online-Inhalte f\u00fcr Kinder&#8220;<\/a> findest du Videos und Online-Inhalte, die du dir von zuhause aus ansehen kannst.<\/p>\n\n\n\n<p>Neuigkeiten und Mitmachaktionen f\u00fcr Kinder findest du, wenn du <a rel=\"noreferrer noopener\" href=\"https:\/\/www.pfarresanktnikolaus.at\/wp\/?cat=8\" target=\"_blank\">hier <\/a>klickst.<\/p>\n\n\n\n<h4 class=\"wp-block-heading\" id=\"kindergottesdienste\">Gottesdienste f\u00fcr Kinder<\/h4>\n\n\n\n<p>In unserer Pfarrgemeinde gibt es Familienmessen, die f\u00fcr Kinder und Erwachsene gestaltet werden.<\/p>\n\n\n\n<p>An manchen Sonntagen finden zudem Familien-Wortgottesfeiern statt. Diese sind ein zus\u00e4tzliches, separates Angebot zu den Hl. Messen.<\/p>\n\n\n\n<p>Termine f\u00fcr Familienmessen und Familien-Wortgottesfeiern werden in unserem <a href=\"https:\/\/www.pfarresanktnikolaus.at\/wp\/?page_id=6142\" data-type=\"page\" data-id=\"6142\">Kalender<\/a> bzw. den <a href=\"https:\/\/www.pfarresanktnikolaus.at\/wp\/?page_id=7356\" data-type=\"page\" data-id=\"7356\">Pfarrmitteilungen<\/a> angek\u00fcndigt.<\/p>\n\n\n\n<h4 class=\"wp-block-heading\" id=\"ministranten\">MinistrantInnen<\/h4>\n\n\n<div class=\"wp-block-image\">\n<figure class=\"alignright size-large is-resized\"><a href=\"https:\/\/www.pfarresanktnikolaus.at\/wp\/wp-content\/uploads\/2020\/09\/DSC07989sm.jpg\" data-rel=\"lightbox-gallery-aTZfRc8w\" data-rl_title=\"Altpfarrer Nikolaus Zvonarich bei seiner letzten Messe am 30. August 2020. \u00a9 Judith Knell\" data-rl_caption=\"Altpfarrer Nikolaus Zvonarich bei seiner letzten Messe am 30. August 2020. \u00a9 Judith Knell\" title=\"Altpfarrer Nikolaus Zvonarich bei seiner letzten Messe am 30. August 2020. \u00a9 Judith Knell\"><img loading=\"lazy\" decoding=\"async\" width=\"1024\" height=\"683\" src=\"https:\/\/www.pfarresanktnikolaus.at\/wp\/wp-content\/uploads\/2020\/09\/DSC07989sm-1024x683.jpg\" alt=\"Altpfarrer Nikolaus Zvonarich bei seiner letzten Messe am 30. August 2020. \u00a9 Judith Knell\" class=\"wp-image-2041\" style=\"width:219px;height:146px\" srcset=\"https:\/\/www.pfarresanktnikolaus.at\/wp\/wp-content\/uploads\/2020\/09\/DSC07989sm-1024x683.jpg 1024w, https:\/\/www.pfarresanktnikolaus.at\/wp\/wp-content\/uploads\/2020\/09\/DSC07989sm-300x200.jpg 300w, https:\/\/www.pfarresanktnikolaus.at\/wp\/wp-content\/uploads\/2020\/09\/DSC07989sm-768x512.jpg 768w, https:\/\/www.pfarresanktnikolaus.at\/wp\/wp-content\/uploads\/2020\/09\/DSC07989sm.jpg 1500w\" sizes=\"auto, (max-width: 1024px) 100vw, 1024px\" \/><\/a><\/figure><\/div>\n\n\n<p>Wir w\u00fcrden uns freuen, wenn Du als Ministrantin oder Ministrant einen besonderen Dienst \u00fcbernehmen willst.<br>Minis sind immer vorne mit dabei und erleben die Messe ganz anders. Sie bekommen besondere Aufgaben.<br>Wenn du an manchen Sonntagen gerne ministrieren m\u00f6chtest, dann melde dich bei unserem Pfarrer oder in der <a href=\"\/wp\/?page_id=31\">Pfarrkanzlei<\/a>!<\/p>\n\n\n\n<h4 class=\"wp-block-heading\" id=\"erstkommunion\">Erstkommunion<\/h4>\n\n\n\n<p>Hier gibt es <a href=\"https:\/\/www.pfarresanktnikolaus.at\/wp\/?page_id=158\">Informationen zur Erstkommunion.<\/a><\/p>\n\n\n\n<h4 class=\"wp-block-heading\" id=\"pfadfinder\">Pfadfinder<\/h4>\n\n\n\n<p>Mit Spiel und Spa\u00df kombiniert durch altersgerechte Methoden sind wir nicht nur in den Heimstunden aktiv, sondern begeben uns das ganze Jahr \u00fcber bei diversen Aktivit\u00e4ten in der Natur, in Klein- und Gro\u00dfgruppen und auf Lagern ins Abenteuer Gemeinschaft.<br>Die Gruppe 32 Pax Hill geh\u00f6rt zu dem offiziellen Verband der Pfadfinder und Pfadfinderinnen \u00d6sterreichs (PP\u00d6).<br>Da die Pfadfinder ein sich selbst erhaltender Verein sind, gibt es einen geringen j\u00e4hrlichen Mitgliedsbeitrag.<\/p>\n\n\n\n<p>Zur eigenen <a rel=\"noreferrer noopener\" aria-label=\"Homepage der Pfadfinder (\u00f6ffnet in neuem Tab)\" href=\"https:\/\/www.32er.org\/\" target=\"_blank\">Website der Pfadfinder.<\/a><\/p>\n\n\n\n<p><\/p>\n\n\n\n<h4 class=\"wp-block-heading\" id=\"sternsingen\">Sternsingen<\/h4>\n\n\n<div class=\"wp-block-image\">\n<figure class=\"alignright size-large is-resized\"><a href=\"https:\/\/www.pfarresanktnikolaus.at\/wp\/wp-content\/uploads\/2021\/01\/sternsingen-2021-scaled.jpg\" data-rel=\"lightbox-gallery-aTZfRc8w\" data-rl_title=\"Sternsinger*innen aus Inzersdorf beim Videodreh 2021. \u00a9 Judith Knell\" data-rl_caption=\"Sternsinger*innen aus Inzersdorf beim Videodreh 2021. \u00a9 Judith Knell\" title=\"Sternsinger*innen aus Inzersdorf beim Videodreh 2021. \u00a9 Judith Knell\"><img loading=\"lazy\" decoding=\"async\" width=\"1024\" height=\"425\" src=\"https:\/\/www.pfarresanktnikolaus.at\/wp\/wp-content\/uploads\/2021\/01\/sternsingen-2021-1024x425.jpg\" alt=\"\" class=\"wp-image-2835\" style=\"width:273px;height:113px\" srcset=\"https:\/\/www.pfarresanktnikolaus.at\/wp\/wp-content\/uploads\/2021\/01\/sternsingen-2021-1024x425.jpg 1024w, https:\/\/www.pfarresanktnikolaus.at\/wp\/wp-content\/uploads\/2021\/01\/sternsingen-2021-300x125.jpg 300w, https:\/\/www.pfarresanktnikolaus.at\/wp\/wp-content\/uploads\/2021\/01\/sternsingen-2021-768x319.jpg 768w, https:\/\/www.pfarresanktnikolaus.at\/wp\/wp-content\/uploads\/2021\/01\/sternsingen-2021-1536x638.jpg 1536w, https:\/\/www.pfarresanktnikolaus.at\/wp\/wp-content\/uploads\/2021\/01\/sternsingen-2021-2048x851.jpg 2048w\" sizes=\"auto, (max-width: 1024px) 100vw, 1024px\" \/><\/a><\/figure><\/div>\n\n\n<p>Die SternsingerInnen gehen rund um den Dreik\u00f6nigstag (6. J\u00e4nner) von Haus zu Haus und singen Lieder, segnen H\u00e4user und sammeln Spenden f\u00fcr Projekte in L\u00e4ndern des globalen S\u00fcden. Willst du auch dabei sein?<strong><br><\/strong>Ansprechperson: <strong>Brigitte Knell<\/strong><\/p>\n\n\n\n<h4 class=\"wp-block-heading\" id=\"kindergarten\">Kindergarten<\/h4>\n\n\n\n<p>Unser Pfarrkindergarten wird von der St.-Nikolaus-Stiftung betreut.<br>Seit J\u00e4nner 2016 gibt es in unserem Kindergarten <strong>sechs Gruppen<\/strong>.  Falls Sie Interesse an einem Kleinkindergruppen- oder Kindergartenplatz  (Familiengruppe) haben, benutzen Sie bitte eine der folgenden Kontaktm\u00f6glichkeiten:<\/p>\n\n\n\n<p><strong>Tel.:<\/strong> <a href=\"tel:+4316150614\">+43 1 615 06 14<\/a> | <a href=\"tel:+4366488632535\">+43 664 886 32 535<\/a><br><strong>E- Mail:<\/strong> <a href=\"mailto:stnikolaus@nikolausstiftung.at\">stnikolaus@nikolausstiftung.at<\/a><br><strong>Homepage:<\/strong> <a rel=\"noreferrer noopener\" href=\"http:\/\/stnikolaus.nikolausstiftung.at\" target=\"_blank\">stnikolaus.nikolausstiftung.at<\/a><\/p>\n\n\n\n<p><\/p>\n","protected":false},"excerpt":{"rendered":"<p>Unsere Pfarre bietet ein breites Programm f\u00fcr Kinder \u2013 von Freizeit- und Sportangeboten bis hin zu Gottesdiensten, die gezielt f\u00fcr Kinder gestaltet werden. <\/p>\n","protected":false},"author":1,"featured_media":765,"parent":0,"menu_order":0,"comment_status":"closed","ping_status":"closed","template":"","meta":{"inline_featured_image":false,"footnotes":""},"class_list":["post-75","page","type-page","status-publish","has-post-thumbnail","hentry"],"_links":{"self":[{"href":"https:\/\/www.pfarresanktnikolaus.at\/wp\/index.php?rest_route=\/wp\/v2\/pages\/75","targetHints":{"allow":["GET"]}}],"collection":[{"href":"https:\/\/www.pfarresanktnikolaus.at\/wp\/index.php?rest_route=\/wp\/v2\/pages"}],"about":[{"href":"https:\/\/www.pfarresanktnikolaus.at\/wp\/index.php?rest_route=\/wp\/v2\/types\/page"}],"author":[{"embeddable":true,"href":"https:\/\/www.pfarresanktnikolaus.at\/wp\/index.php?rest_route=\/wp\/v2\/users\/1"}],"replies":[{"embeddable":true,"href":"https:\/\/www.pfarresanktnikolaus.at\/wp\/index.php?rest_route=%2Fwp%2Fv2%2Fcomments&post=75"}],"version-history":[{"count":57,"href":"https:\/\/www.pfarresanktnikolaus.at\/wp\/index.php?rest_route=\/wp\/v2\/pages\/75\/revisions"}],"predecessor-version":[{"id":7717,"href":"https:\/\/www.pfarresanktnikolaus.at\/wp\/index.php?rest_route=\/wp\/v2\/pages\/75\/revisions\/7717"}],"wp:featuredmedia":[{"embeddable":true,"href":"https:\/\/www.pfarresanktnikolaus.at\/wp\/index.php?rest_route=\/wp\/v2\/media\/765"}],"wp:attachment":[{"href":"https:\/\/www.pfarresanktnikolaus.at\/wp\/index.php?rest_route=%2Fwp%2Fv2%2Fmedia&parent=75"}],"curies":[{"name":"wp","href":"https:\/\/api.w.org\/{rel}","templated":true}]}}