{"id":365,"date":"2020-03-09T01:15:37","date_gmt":"2020-03-09T00:15:37","guid":{"rendered":"https:\/\/www.pfarresanktnikolaus.at\/wp\/?page_id=365"},"modified":"2025-09-28T18:53:50","modified_gmt":"2025-09-28T16:53:50","slug":"weitere-links","status":"publish","type":"page","link":"https:\/\/www.pfarresanktnikolaus.at\/wp\/?page_id=365","title":{"rendered":"Weitere Links"},"content":{"rendered":"\n<p>Die Pfarre Inzersdorf-St. Nikolaus \u00fcbernimmt keine Haftung f\u00fcr den Inhalt der Sites, auf die unsere Links verweisen. <\/p>\n\n\n\n<h2 class=\"wp-block-heading\">Nachbarpfarren<\/h2>\n\n\n\n<p><strong>Pfarre Hl. Johannes XXIII.<\/strong> \u2013 Gemeinde Inzersdorf-Neustift<br> Maria, Hilfe der Christen<br> Kirche: Don-Bosco-Gasse 14, 1230 Wien<br> Tel.: +43 1 667 25 99<br> Fax: +43 1 667 25 99 \u2013 33<br> E-Mail: <a href=\"mailto:pfarre.johannes23@katholischekirche.at\" data-type=\"mailto\" data-id=\"mailto:pfarre.johannes23@katholischekirche.at\">pfarre.johannes23@katholischekirche.at<\/a><br> Homepage: <a aria-label=\" (\u00f6ffnet in neuem Tab)\" href=\"http:\/\/www.erzdioezese-wien.at\/pages\/pfarren\/9233\" target=\"_blank\" rel=\"noreferrer noopener\">pfarreinzersdorfneustift.at<\/a><\/p>\n\n\n\n<p> <strong>Pfarre Emmaus am Wienerberg<\/strong><br>               Emmaus<br>               Kirche: Tesarekplatz 2, 1100 Wien<br>               Tel.: +43 1 616 34 00<br>               (f\u00fcr Fax bitte vorher anrufen)<br>               E-Mail: <a href=\"mailto:kanzlei@emmaus.wien\" data-type=\"mailto\" data-id=\"mailto:kanzlei@emmaus.wien\">kanzlei@emmaus.wien<\/a><br>               Homepage: <a rel=\"noreferrer noopener\" href=\"https:\/\/emmaus.wien\/\" data-type=\"link\" data-id=\"https:\/\/emmaus.wien\/\" target=\"_blank\">emmaus.wien<\/a> <\/p>\n\n\n\n<p><strong>Pfarre Christus am Wienerberg<\/strong><br>Hl. Apostel<br>Kirche: Wienerfeldg. 11, 1100 Wien<br>Tel: +43 (1) 604 10 49<br>E-Mail: <a href=\"mailto:kanzlei@christus-am-wienerberg.at\">kanzlei@christus-am-wienerberg.at<\/a><br>Homepage: <a href=\"https:\/\/www.erzdioezese-wien.at\/pages\/pfarrseelsorge\/25970744\">erzdioezese-wien.at\/pages\/pfarrseelsorge\/25970744<\/a><\/p>\n\n\n\n<p><strong>Pfarre Oberlaa<\/strong><br>Hl. Aegidius<br>Kirche: Oberlaaer Platz, 1100 Wien<br>Tel: 01 \/ 688 51 13<br>E-Mail: <a href=\"mailto:pfarre@oberlaa.com\">pfarre@oberlaa.com<\/a><br>Homepage: <a href=\"https:\/\/www.oberlaa.com\/\">https:\/\/www.oberlaa.com\/<\/a><\/p>\n\n\n\n<p><strong>Pfarre V\u00f6sendorf<\/strong><br>Simon und Judas Thadd\u00e4us<br>Kirche: Kirchenplatz, 2331 V\u00f6sendorf<br>Tel: +43 1 699 15 77<br>E-Mail:&nbsp;<a href=\"mailto:kanzlei@pfarre-voesendorf.at\">kanzlei@pfarre-voesendorf.at<\/a><br>Homepage: <a href=\"https:\/\/www.pfarre-voesendorf.at\/\">pfarre-voesendorf.at<\/a><\/p>\n\n\n\n<h2 class=\"wp-block-heading\"> <strong>Pfarren im Dekanat 23 (23. Bezirk)<\/strong><\/h2>\n\n\n\n<p>(nach Pfarrverband geordnet) <\/p>\n\n\n\n<figure class=\"wp-block-table\"><table><tbody><tr><td><strong>Pfarre Atzgersdorf<\/strong><br>St. Katharina<br>Kirchenplatz 1, 1230 Wien<br>Tel.:  +43 1 865 93 48<br>Fax:  +43 1 865 93 48 \u2013 4<br>E-Mail: <a href=\"mailto:kanzlei@pfarre-atzgersdorf.at\"> kanzlei@pfarre-atzgersdorf.at<\/a><br>Website: <a rel=\"noreferrer noopener\" aria-label=\" (\u00f6ffnet in neuem Tab)\" href=\"http:\/\/www.pfarre-atzgersdorf.at\" target=\"_blank\">www.pfarre-atzgersdorf.at<\/a><\/td><td><strong>Pfarre Hl. Johannes XXIII<\/strong><br>Website: <a href=\"https:\/\/www.erzdioezese-wien.at\/pages\/pfarrseelsorge\/29612310\/\">https:\/\/www.erzdioezese-wien.at\/pages\/pfarrseelsorge\/29612310\/<\/a><br>E-Mail: <a href=\"mailto:pfarre.johannes23@katholischekirche.at\">pfarre.johannes23@<\/a><a href=\"mailto:pfarre.johannes23@katholischekirche.at\" data-type=\"mailto\" data-id=\"mailto:pfarre.johannes23@katholischekirche.at\">katholischekirche.at<\/a><br><br>Teilgemeinde Neuerlaa<br>Welingergasse 5, 1230 Wien<br>Tel.: +43 1 667 12 39<br><br>Teilgemeinde Wohnpark Alterlaa<br>Anton-Baumgartner-Str. 44\/B3\/221, 1230 Wien<br>Tel.: +43 1 667 89 65<br><br>Teilgemeinde Inzersdorf-Neustift<br> Don-Bosco-Gasse 14, 1230 Wien<br> Tel.: +43 1 667 25 99<br><\/td><\/tr><tr><td><strong>Pfarre Siebenhirten<\/strong><br>St. Martin<br>Josef Endlwebergasse 1, 1230 Wien<br>Tel.: +43 1 699 17 27<br>E-Mail: <a href=\"mailto:kanzlei@pfarre-siebenhirten.at\">kanzlei@pfarre-siebenhirten.at<\/a><br>Website: <a rel=\"noreferrer noopener\" href=\"http:\/\/www.pfarre-siebenhirten.at\" target=\"_blank\">www.pfarre-siebenhirten.at<\/a><\/td><td><strong>Basisgemeinde \/ Personalgemeinde Endresstra\u00dfe<\/strong><br>Endresstra\u00dfe 57a, 1230 Wien<br>Homepage: <a rel=\"noreferrer noopener\" href=\"http:\/\/www.gemeinde-endresstrasse.at\" target=\"_blank\">www.gemeinde-endresstrasse.at<\/a><\/td><\/tr><tr><td>Pfarrverband KaRoLiBe<br><strong>Pfarre Kalksburg<\/strong><br>St. Petrus in vinculis<br>Breitenfurterstra\u00dfe 526, 1230 Wien<br>Tel.: +43 1 869 03 65<br>E-Mail: <a href=\"mailto:kontakt@karoliebe.at\" data-type=\"mailto\" data-id=\"mailto:kontakt@karoliebe.at\">kontakt@karoliebe.at<\/a><br>Homepage: <a rel=\"noreferrer noopener\" href=\"https:\/\/www.erzdioezese-wien.at\/Wien-Kalksburg\" target=\"_blank\">www.erzdioezese-wien.at\/Wien-Kalksburg<\/a><\/td><td>Pfarrverband KaRoLiBe<br><strong>Pfarre Liesing<\/strong><br>Maria, Mutter der G\u00f6ttlichen Gnade und zum St. Servatius<br>F\u00e4rberm\u00fchlgasse 6, 1230 Wien<br>Tel.: +43 1 869 03 65<br>Fax: +43 1 869 03 65 \u2013 17<br>E-Mail: <a href=\"mailto:kontak@karoliebe.at\">kontakt@karoliebe.at<\/a><br>Homepage: <a rel=\"noreferrer noopener\" href=\"https:\/\/pfarre-liesing.karoliebe.at\/\" target=\"_blank\">pfarre-liesing.karoliebe.at\/<\/a><\/td><\/tr><tr><td>Pfarrverband KaRoLiBe<br><strong>Pfarre Rodaun<\/strong><br>Maria Himmelfahrt, Hl. Johannes der T\u00e4ufer<br>Schreckgasse 19, 1230 Wien<br>Tel.: +43 1 888 41 91<br>Fax: +43 1 888 41 91 \u2013 4<br>E-Mail: <a href=\"mailto:kontakt@karoliebe.at\" data-type=\"mailto\" data-id=\"mailto:kontakt@karoliebe.at\">kontakt@karoliebe.at<\/a><br>Homepage: <a rel=\"noreferrer noopener\" href=\"https:\/\/www.erzdioezese-wien.at\/Wien-Rodaun\" target=\"_blank\">www.erzdioezese-wien.at\/Wien-Rodaun<\/a><\/td><td>Pfarrverband KaRoLiBe<br><strong>Bergkirche Rodaun<\/strong><br>Am Kirchenplatz 2, 1230 Wien<br>Tel.: +43 664 62 17 049<br>E-Mail: <a href=\"mailto:bergkirche.rodaun@gmx.at\">bergkirche.rodaun@gmx.at<\/a><br>Website: <a href=\"http:\/\/www.bergkirche-rodaun.at\" data-type=\"URL\" data-id=\"www.bergkirche-rodaun.at\" target=\"_blank\" rel=\"noreferrer noopener\">www.bergkirche-rodaun.at<\/a><\/td><\/tr><tr><td><br>Pfarrverband Weinberg Christi<br><strong>Pfarre Erl\u00f6serkirche<\/strong><br>Zum Allerheiligsten Erl\u00f6ser<br>Endresstra\u00dfe 57a, 1230 Wien<br>Tel.: +43 1 888 74 30<br>E-Mail: <a href=\"mailto:pfarre.erloeserkirche@katholischekirche.at\" data-type=\"mailto\" data-id=\"mailto:pfarre.erloeserkirche@katholischekirche.at\">pfarre.erloeserkirche@katholischekirche.at<\/a><br>Homepage: <a rel=\"noreferrer noopener\" href=\"http:\/\/www.pfarre-erloeserkirche.at\" target=\"_blank\">pfarre-erloeserkirche.at<\/a><\/td><td>Pfarrverband Weinberg Christi<br><strong>Pfarre Mauer<\/strong><br>St. Erhard<br>Endresstra\u00dfe 117, 1230 Wien<br>Tel.: +43 1 888 13 18<br>E-Mail: <a href=\"mailto:pfarrkanzlei@pfarremauer.at\">pfarrkanzlei@pfarremauer.at<\/a><br>Homepage: <a rel=\"noreferrer noopener\" href=\"http:\/\/www.pfarremauer.at\" target=\"_blank\">www.pfarremauer.at<\/a><\/td><\/tr><tr><td>Pfarrverband Weinberg Christi<br><strong>Mauer &#8211; Rektoratskirche am Georgenberg<\/strong> (Wotrubakirche)<br>Zur Heiligsten Dreifaltigkeit<br>Rysergasse, 1230 Wien<br>Tel.: +43 1 888 61 47<br>E-Mail: <a href=\"mailto:webmaster@georgenberg.at\">kirche@georgenberg.at<\/a><br>Homepage: <a rel=\"noreferrer noopener\" href=\"http:\/\/www.georgenberg.at\" target=\"_blank\">www.georgenberg.at<\/a><\/td><td><\/td><\/tr><\/tbody><\/table><\/figure>\n\n\n\n<h2 class=\"wp-block-heading\">Pfarrliche Links<\/h2>\n\n\n\n<figure class=\"wp-block-table\"><table><tbody><tr><td><a rel=\"noreferrer noopener\" href=\"http:\/\/stnikolaus.nikolausstiftung.at\" target=\"_blank\">Pfarrkindergarten<\/a><br><a rel=\"noreferrer noopener\" href=\"https:\/\/www.32er.org\/\" target=\"_blank\">Pfadfinder der Pfarre<\/a><br><a rel=\"noreferrer noopener\" href=\"http:\/\/member.katholische-jugend.at\/dekanat23\" target=\"_blank\">Dekanatsjugend<\/a><\/td><\/tr><\/tbody><\/table><\/figure>\n\n\n\n<h2 class=\"wp-block-heading\">Kirchliche Links<\/h2>\n\n\n\n<p><a rel=\"noreferrer noopener\" href=\"https:\/\/www.erzdioezese-wien.at\/\" target=\"_blank\">Erzdi\u00f6zese Wien<\/a><br><a rel=\"noreferrer noopener\" href=\"http:\/\/www.katholisch.at\/\" target=\"_blank\">katholisch.at \u2013 Onlinemedium der Bischofskonferenz<\/a><br><a rel=\"noreferrer noopener\" aria-label=\"Caritas Wien (\u00f6ffnet in neuem Tab)\" href=\"http:\/\/www.caritas-wien.at\" target=\"_blank\">Caritas Wien<\/a><br><a rel=\"noreferrer noopener\" href=\"https:\/\/www.caritas-leo.at\/unsere-hilfe\/\" target=\"_blank\">Projekt Le+O \u2013 Caritas und Pfarren sammeln Lebensmitteln f\u00fcr bed\u00fcrftige Menschen<\/a><br><a rel=\"noreferrer noopener\" href=\"https:\/\/www.theologischekurse.at\/site\/kursangebot\/akademie-am-dom\" target=\"_blank\">Akademie am Dom \u2013 \u00f6ffentliche Vortr\u00e4ge und Podiumsgespr\u00e4che zu Glaubensfragen im Kontext von Wissenschaft, Politik und Kultur<\/a> <\/p>\n\n\n\n<h2 class=\"wp-block-heading\">Weitere religi\u00f6se Gemeinden im Bezirk<\/h2>\n\n\n\n<p><strong>Evangelische Pfarrgemeine A.B. Liesing<\/strong><br>Johanneskirche<br>Dr. Andreas Zailergasse 3, 1230 Wien<br>Tel.: +43 1 888 22 06<br>Fax: +43 1 888 22 06 \u2013 20<br>E-Mail: <a href=\"mailto:pfarrbuero@evang-liesing.at\">pfarrbuero@evang-liesing.at<\/a><br>Homepage: <a rel=\"noreferrer noopener\" href=\"http:\/\/www.evang-liesing.at\" target=\"_blank\">www.evang-liesing.at<\/a><\/p>\n\n\n\n<p>In unserem Bezirk gibt es dar\u00fcber hinaus drei freikirchliche Gemeinden, eine Moschee der Islamischen F\u00f6deration (Mill\u00ee G\u00f6r\u00fc\u015f), ein Kulturzentrum der Union Islamischer Kulturzentren (UIKZ) in der Kolbegasse, die Rejjan Moschee in der Kolbegasse, eine Gemeinde der &#8222;Christengemeinschaft&#8220; und ein Gemeindezentrum der &#8222;Kirche Jesu Christi der Heiligen der letzten Tage&#8220;.<\/p>\n","protected":false},"excerpt":{"rendered":"<p>Die Pfarre Inzersdorf-St. Nikolaus \u00fcbernimmt keine Haftung f\u00fcr den Inhalt der Sites, auf die unsere Links verweisen. Nachbarpfarren Pfarre Hl. Johannes XXIII. \u2013 Gemeinde Inzersdorf-Neustift Maria, Hilfe der Christen Kirche: [&hellip;]<\/p>\n","protected":false},"author":1,"featured_media":175,"parent":0,"menu_order":0,"comment_status":"closed","ping_status":"closed","template":"","meta":{"inline_featured_image":false,"footnotes":""},"class_list":["post-365","page","type-page","status-publish","has-post-thumbnail","hentry"],"_links":{"self":[{"href":"https:\/\/www.pfarresanktnikolaus.at\/wp\/index.php?rest_route=\/wp\/v2\/pages\/365","targetHints":{"allow":["GET"]}}],"collection":[{"href":"https:\/\/www.pfarresanktnikolaus.at\/wp\/index.php?rest_route=\/wp\/v2\/pages"}],"about":[{"href":"https:\/\/www.pfarresanktnikolaus.at\/wp\/index.php?rest_route=\/wp\/v2\/types\/page"}],"author":[{"embeddable":true,"href":"https:\/\/www.pfarresanktnikolaus.at\/wp\/index.php?rest_route=\/wp\/v2\/users\/1"}],"replies":[{"embeddable":true,"href":"https:\/\/www.pfarresanktnikolaus.at\/wp\/index.php?rest_route=%2Fwp%2Fv2%2Fcomments&post=365"}],"version-history":[{"count":17,"href":"https:\/\/www.pfarresanktnikolaus.at\/wp\/index.php?rest_route=\/wp\/v2\/pages\/365\/revisions"}],"predecessor-version":[{"id":7310,"href":"https:\/\/www.pfarresanktnikolaus.at\/wp\/index.php?rest_route=\/wp\/v2\/pages\/365\/revisions\/7310"}],"wp:featuredmedia":[{"embeddable":true,"href":"https:\/\/www.pfarresanktnikolaus.at\/wp\/index.php?rest_route=\/wp\/v2\/media\/175"}],"wp:attachment":[{"href":"https:\/\/www.pfarresanktnikolaus.at\/wp\/index.php?rest_route=%2Fwp%2Fv2%2Fmedia&parent=365"}],"curies":[{"name":"wp","href":"https:\/\/api.w.org\/{rel}","templated":true}]}}