{"id":360,"date":"2020-03-09T01:11:12","date_gmt":"2020-03-09T00:11:12","guid":{"rendered":"https:\/\/www.pfarresanktnikolaus.at\/wp\/?page_id=360"},"modified":"2024-06-30T15:24:58","modified_gmt":"2024-06-30T13:24:58","slug":"impressum-to-do","status":"publish","type":"page","link":"https:\/\/www.pfarresanktnikolaus.at\/wp\/?page_id=360","title":{"rendered":"Impressum"},"content":{"rendered":"\n<p><\/p>\n\n\n\n<p><em>Offenlegung nach <\/em> <em>\u00a7 5 E-Commerce-Gesetz und \u00a7 25 Mediengesetz:<\/em><br><\/p>\n\n\n\n<h4 class=\"wp-block-heading\">Herausgeber, Alleininhaber und Redaktion <\/h4>\n\n\n\n<p>Pfarre Inzersdorf \u2013 St. Nikolaus, 1230 Wien, Draschestra\u00dfe 105<br>Tel.: <a href=\"tel:+4366488632680\">+43 664 886 32 680<\/a><br>E-Mail: <a href=\"mailto:pfarre.inzersdorf@katholischekirche.at\" data-type=\"mailto\" data-id=\"mailto:pfarre.inzersdorf@katholischekirche.at\">pfarre.inzersdorf@katholischekirche.at<\/a><br>Gerichtsstand: Wien<\/p>\n\n\n\n<h4 class=\"wp-block-heading\">Grunds\u00e4tzliche Ausrichtung<\/h4>\n\n\n\n<p>Diese Webseite ist das Informations- und Kommunikationsorgan der Pfarre Inzersdorf \u2013 St. Nikolaus. <\/p>\n\n\n\n<h4 class=\"wp-block-heading\">Websitebetreuung<\/h4>\n\n\n\n<p>Webmaster: Nikolaus Trimmel (<a href=\"mailto:blickpunkt@pfarresanktnikolaus.at\">Mail<\/a>)<br>Content Management: Nikolaus Trimmel, Nina Chalupsky und Oliver Meidl<br>Fotos: Felix Mayer, Nikolaus Trimmel, Nina Chalupsky und Oliver Meidl  <br>(falls nicht anders gekennzeichnet)  <\/p>\n\n\n\n<h4 class=\"wp-block-heading\">Zitierungsregeln und Copyright<\/h4>\n\n\n\n<p>F\u00fcr die Nutzer unserer Homepage pfarresanktnikolaus.at gilt, dass eine Benutzung von den auf ihr bereitgestellten Dokumenten und Informationen nur unter wortgetreuer Zitierung und exakter Angabe der Quelle oder des (Hyper-)Links zul\u00e4ssig ist. An den abrufbaren Inhalten bestehende Rechte sind zu achten. Dies gilt vor allem f\u00fcr ver\u00f6ffentlichte Fotos, Grafiken und Texte. Rechte f\u00fcr eine Verwendung oder weitere Verbreitung dieser Inhalte sind ausschlie\u00dflich mit dem Rechteinhaber zu kl\u00e4ren. <\/p>\n\n\n\n<h4 class=\"wp-block-heading\">Haftungsausschluss und Link-Policy <\/h4>\n\n\n\n<p>F\u00fcr die Inhalte der gelinkten oder in Zitaten und Texten vorkommenden Websites \u00fcbernehmen wir keine Haftung. Die Pfarre Inzersdorf \u2013 St. Nikolaus hat keine Kontrolle \u00fcber die Inhalte der externen Websites. Wir erkl\u00e4ren ausdr\u00fccklich, uns die Inhalte der verlinkten Websites nicht zu Eigen machen zu wollen. Sollten Sie als Betreiber einer Website mit dem von uns gesetzten Link auf Ihre Website nicht einverstanden sein, kontaktieren Sie bitte unseren Webmaster. <\/p>\n\n\n\n<p>Trotz aller Sorgfalt \u00fcbernimmt der Herausgeber keinerlei Haftung oder Gew\u00e4hr f\u00fcr Aktualit\u00e4t, Richtigkeit oder Vollst\u00e4ndigkeit der auf dieser Website bereitgestellten Informationen und Angaben, einschlie\u00dflich Verlust und Schaden, die sich aus dem Besuch dieser Webseite und dem Vertrauen auf die auf ihr ver\u00f6ffentlichten Informationen ergeben. Dieser Haftungsausschluss beinhaltet auch Sch\u00e4den durch Computerviren, Computerw\u00fcrmer, Trojaner oder \u00e4hnliche Schadprogramme. Die Nutzung der Seite erfolgt auf eigene Gefahr.<\/p>\n","protected":false},"excerpt":{"rendered":"<p>Offenlegung nach \u00a7 5 E-Commerce-Gesetz und \u00a7 25 Mediengesetz: Herausgeber, Alleininhaber und Redaktion Pfarre Inzersdorf \u2013 St. Nikolaus, 1230 Wien, Draschestra\u00dfe 105Tel.: +43 664 886 32 680E-Mail: pfarre.inzersdorf@katholischekirche.atGerichtsstand: Wien Grunds\u00e4tzliche [&hellip;]<\/p>\n","protected":false},"author":1,"featured_media":175,"parent":0,"menu_order":0,"comment_status":"closed","ping_status":"closed","template":"","meta":{"inline_featured_image":false,"footnotes":""},"class_list":["post-360","page","type-page","status-publish","has-post-thumbnail","hentry"],"_links":{"self":[{"href":"https:\/\/www.pfarresanktnikolaus.at\/wp\/index.php?rest_route=\/wp\/v2\/pages\/360","targetHints":{"allow":["GET"]}}],"collection":[{"href":"https:\/\/www.pfarresanktnikolaus.at\/wp\/index.php?rest_route=\/wp\/v2\/pages"}],"about":[{"href":"https:\/\/www.pfarresanktnikolaus.at\/wp\/index.php?rest_route=\/wp\/v2\/types\/page"}],"author":[{"embeddable":true,"href":"https:\/\/www.pfarresanktnikolaus.at\/wp\/index.php?rest_route=\/wp\/v2\/users\/1"}],"replies":[{"embeddable":true,"href":"https:\/\/www.pfarresanktnikolaus.at\/wp\/index.php?rest_route=%2Fwp%2Fv2%2Fcomments&post=360"}],"version-history":[{"count":19,"href":"https:\/\/www.pfarresanktnikolaus.at\/wp\/index.php?rest_route=\/wp\/v2\/pages\/360\/revisions"}],"predecessor-version":[{"id":5918,"href":"https:\/\/www.pfarresanktnikolaus.at\/wp\/index.php?rest_route=\/wp\/v2\/pages\/360\/revisions\/5918"}],"wp:featuredmedia":[{"embeddable":true,"href":"https:\/\/www.pfarresanktnikolaus.at\/wp\/index.php?rest_route=\/wp\/v2\/media\/175"}],"wp:attachment":[{"href":"https:\/\/www.pfarresanktnikolaus.at\/wp\/index.php?rest_route=%2Fwp%2Fv2%2Fmedia&parent=360"}],"curies":[{"name":"wp","href":"https:\/\/api.w.org\/{rel}","templated":true}]}}