{"id":31,"date":"2020-01-31T18:39:40","date_gmt":"2020-01-31T17:39:40","guid":{"rendered":"https:\/\/www.pfarresanktnikolaus.at\/wp\/?page_id=31"},"modified":"2025-11-03T18:31:00","modified_gmt":"2025-11-03T17:31:00","slug":"team","status":"publish","type":"page","link":"https:\/\/www.pfarresanktnikolaus.at\/wp\/?page_id=31","title":{"rendered":"Team &#038; Kanzlei"},"content":{"rendered":"\n<p>F\u00fcr das Gebiet unserer Pfarre finden Sie auf dieser Seite alle Informationen zur seelsorglichen und pastoralen Verantwortung. In der Pfarrkanzlei sind unsere Kanzleikr\u00e4fte <span class=\"auto-style4\">f\u00fcr Ihre Anliegen da.<\/span><\/p>\n\n\n\n<h3 class=\"wp-block-heading auto-style8\" id=\"seelsorge\">Seelsorge:<\/h3>\n\n\n\n<div class=\"wp-block-columns alignfull is-layout-flex wp-container-core-columns-is-layout-9d6595d7 wp-block-columns-is-layout-flex\">\n<div class=\"wp-block-column is-layout-flow wp-block-column-is-layout-flow\" style=\"flex-basis:40%\">\n<div class=\"wp-block-cover is-light\" style=\"min-height:330px;aspect-ratio:unset;\"><span aria-hidden=\"true\" class=\"wp-block-cover__background has-background-dim-100 has-background-dim\" style=\"background-color:#f6f6f6\"><\/span><div class=\"wp-block-cover__inner-container is-layout-flow wp-block-cover-is-layout-flow\"><div class=\"wp-block-image\">\n<figure class=\"aligncenter size-full is-resized\"><img loading=\"lazy\" decoding=\"async\" width=\"1118\" height=\"1535\" src=\"https:\/\/www.pfarresanktnikolaus.at\/wp\/wp-content\/uploads\/2025\/09\/Portraet-Wolfgang.jpeg\" alt=\"\" class=\"wp-image-7299\" style=\"aspect-ratio:0.7536800785083415;width:181px;height:auto\" srcset=\"https:\/\/www.pfarresanktnikolaus.at\/wp\/wp-content\/uploads\/2025\/09\/Portraet-Wolfgang.jpeg 1118w, https:\/\/www.pfarresanktnikolaus.at\/wp\/wp-content\/uploads\/2025\/09\/Portraet-Wolfgang-219x300.jpeg 219w, https:\/\/www.pfarresanktnikolaus.at\/wp\/wp-content\/uploads\/2025\/09\/Portraet-Wolfgang-746x1024.jpeg 746w, https:\/\/www.pfarresanktnikolaus.at\/wp\/wp-content\/uploads\/2025\/09\/Portraet-Wolfgang-768x1054.jpeg 768w\" sizes=\"auto, (max-width: 1118px) 100vw, 1118px\" \/><\/figure><\/div><\/div><\/div>\n<\/div>\n\n\n\n<div class=\"wp-block-column is-vertically-aligned-center is-layout-flow wp-block-column-is-layout-flow\" style=\"padding-top:1em;padding-right:1em;padding-bottom:1em;padding-left:1em\">\n<div class=\"wp-block-columns is-layout-flex wp-container-core-columns-is-layout-9d6595d7 wp-block-columns-is-layout-flex\">\n<div class=\"wp-block-column is-layout-flow wp-block-column-is-layout-flow\" style=\"flex-basis:520px\">\n<p>Wolfgang <strong>Unterberger<\/strong><br><strong>Pfarrprovisor<\/strong><br>Sprechstunde: <em>Nach Vereinbarung<\/em><br>Tel: 0664 75120734<br>E-Mail: <a href=\"mailto:wolfgang.unterberger@katholischekirche.at\">wolfgang.unterberger@katholischekirche.at<\/a><\/p>\n<\/div>\n<\/div>\n<\/div>\n<\/div>\n\n\n\n<div class=\"wp-block-columns alignfull is-layout-flex wp-container-core-columns-is-layout-9d6595d7 wp-block-columns-is-layout-flex\">\n<div class=\"wp-block-column is-layout-flow wp-block-column-is-layout-flow\" style=\"flex-basis:40%\">\n<div class=\"wp-block-cover is-light\" style=\"min-height:330px;aspect-ratio:unset;\"><span aria-hidden=\"true\" class=\"wp-block-cover__background has-background-dim-100 has-background-dim\" style=\"background-color:#f6f6f6\"><\/span><div class=\"wp-block-cover__inner-container is-layout-flow wp-block-cover-is-layout-flow\"><div class=\"wp-block-image\">\n<figure class=\"aligncenter size-full is-resized\"><img loading=\"lazy\" decoding=\"async\" width=\"1172\" height=\"1777\" src=\"https:\/\/www.pfarresanktnikolaus.at\/wp\/wp-content\/uploads\/2024\/08\/IMG_6620profile24d-1.jpeg\" alt=\"\" class=\"wp-image-6086\" style=\"aspect-ratio:0.7536800785083415;object-fit:cover;width:172px;height:auto\" srcset=\"https:\/\/www.pfarresanktnikolaus.at\/wp\/wp-content\/uploads\/2024\/08\/IMG_6620profile24d-1.jpeg 1172w, https:\/\/www.pfarresanktnikolaus.at\/wp\/wp-content\/uploads\/2024\/08\/IMG_6620profile24d-1-198x300.jpeg 198w, https:\/\/www.pfarresanktnikolaus.at\/wp\/wp-content\/uploads\/2024\/08\/IMG_6620profile24d-1-675x1024.jpeg 675w, https:\/\/www.pfarresanktnikolaus.at\/wp\/wp-content\/uploads\/2024\/08\/IMG_6620profile24d-1-768x1164.jpeg 768w, https:\/\/www.pfarresanktnikolaus.at\/wp\/wp-content\/uploads\/2024\/08\/IMG_6620profile24d-1-1013x1536.jpeg 1013w\" sizes=\"auto, (max-width: 1172px) 100vw, 1172px\" \/><\/figure><\/div><\/div><\/div>\n<\/div>\n\n\n\n<div class=\"wp-block-column is-vertically-aligned-center is-layout-flow wp-block-column-is-layout-flow\" style=\"padding-top:1em;padding-right:1em;padding-bottom:1em;padding-left:1em\">\n<div class=\"wp-block-columns is-layout-flex wp-container-core-columns-is-layout-9d6595d7 wp-block-columns-is-layout-flex\">\n<div class=\"wp-block-column is-layout-flow wp-block-column-is-layout-flow\" style=\"flex-basis:520px\">\n<p>Oliver <strong>Meidl<\/strong><br><strong>Diakon<\/strong> mit Zivilberuf<br>E-Mail: <a href=\"mailto:oliver.meidl@katholischekirche.at\" data-type=\"mailto\" data-id=\"mailto:diakon@omeidl.com\">oliver.meidl@katholischekirche.at<\/a><\/p>\n<\/div>\n<\/div>\n<\/div>\n<\/div>\n\n\n\n<p><\/p>\n\n\n\n<h3 class=\"wp-block-heading auto-style8\" id=\"kanzlei\">Kanzlei:<\/h3>\n\n\n\n<p><strong>Pfarrsekret\u00e4rin<\/strong><br>Antonia Petrovic<br><em>Bitte beachten Sie die aktuell eingeschr\u00e4nkten Zeiten f\u00fcr Parteienverkehr.<\/em><br>Tel.: <a href=\"tel:+4366488632680\">+43 664 886 32 680<\/a> <br>E-Mail: <a href=\"mailto:pfarre.inzersdorf@katholischekirche.at\" data-type=\"mailto\" data-id=\"mailto:pfarre.inzersdorf@katholischekirche.at\">pfarre.inzersdorf@katholischekirche.at<\/a><\/p>\n\n\n\n<p class=\"auto-style2 has-black-color has-text-color\"><span class=\"auto-style4\"><b>Parteienverkehr:<\/b><\/span><br>Bitte beachten Sie die in der hellroten Spalte angegebenen Zeiten zum Parteienverkehr f\u00fcr die Kanzlei <em>Inzersdorf-St. Nikolaus <\/em>(am PC links zu finden, am Handy unten).<br>Falls Sie einen Termin au\u00dferhalb der Zeiten ben\u00f6tigen, so vereinbaren Sie diesen telefonisch oder per E-Mail.<\/p>\n\n\n\n<p class=\"auto-style2\"><span class=\"auto-style4\"><b>Anschrift:<\/b><br> 1230 Wien, Draschestra\u00dfe 105 \u2013 erster Stock<br> Tel.: <a href=\"tel:+4366488632680\">+43 664 886 32 680<\/a><br> E-Mail: <a href=\"mailto:pfarre.inzersdorf@katholischekirche.at\" data-type=\"mailto\" data-id=\"mailto:pfarre.inzersdorf@katholischekirche.at\">pfarre.inzersdorf@katholischekirche.at<\/a><\/span><\/p>\n\n\n\n<p class=\"auto-style4\">Informationen zur Anmeldung&nbsp;einer <b>Taufe oder Trauung<\/b> finden Sie unter  <strong><a href=\"\/wp\/?page_id=20\">Sakramente!<\/a><\/strong><\/p>\n\n\n\n<h3 class=\"wp-block-heading auto-style8\" id=\"pfarrgemeinderat-vermogensverwaltungsrat\"><font color=\"#003399\"><a name=\"Pfarrgemeinderat\"><\/a><\/font>Pfarrgemeinderat &amp; Verm\u00f6gensverwaltungsrat:<\/h3>\n\n\n\n<p>Die Aufgaben des <strong>Pfarrgemeinderat<\/strong> (PGR) sind die Weiterentwicklung des pastoralen Konzepts, die Vorbereitung der Liturgie und Sakramente sowie die Schaffung von M\u00f6glichkeiten der ehrenamtlichen Mitarbeit.<br>Aufgaben der Finanzen, Bauangelegenheiten und Personal nimmt der <strong>Verm\u00f6gensverwaltungsrat<\/strong> (VVR) wahr.<br>Das <strong>Pfarrleitungsteam<\/strong> steht in der Hierarchie \u00fcber beiden Gremien und  tr\u00e4gt die seelsorgliche und pastorale Verantwortung.<br>Der Pfarrer ist Mitglied in allen drei Gremien.<br>Alle Mitglieder (au\u00dfer Pfarrer, Pfarrvikar und Diakon) \u00fcben ihre T\u00e4tigkeit ehrenamtlich aus und werden alle f\u00fcnf Jahre neu gew\u00e4hlt.<\/p>\n\n\n\n<figure class=\"wp-block-image size-large is-resized\"><a href=\"https:\/\/www.pfarresanktnikolaus.at\/wp\/wp-content\/uploads\/2024\/11\/IMG_9078-1-scaled.jpeg\" data-rel=\"lightbox-gallery-9yuzEwqF\" data-rl_title=\"Pfarrgemeinderat, Klausur November 2024, (c) O.Meidl\" data-rl_caption=\"Pfarrgemeinderat, Klausur November 2024, (c) O.Meidl\" title=\"Pfarrgemeinderat, Klausur November 2024, (c) O.Meidl\"><img loading=\"lazy\" decoding=\"async\" width=\"1024\" height=\"817\" src=\"https:\/\/www.pfarresanktnikolaus.at\/wp\/wp-content\/uploads\/2024\/11\/IMG_9078-1-1024x817.jpeg\" alt=\"Pfarrgemeinderat, Klausur November 2024, (c) O.Meidl\" class=\"wp-image-6368\" style=\"width:745px;height:auto\" srcset=\"https:\/\/www.pfarresanktnikolaus.at\/wp\/wp-content\/uploads\/2024\/11\/IMG_9078-1-1024x817.jpeg 1024w, https:\/\/www.pfarresanktnikolaus.at\/wp\/wp-content\/uploads\/2024\/11\/IMG_9078-1-300x239.jpeg 300w, https:\/\/www.pfarresanktnikolaus.at\/wp\/wp-content\/uploads\/2024\/11\/IMG_9078-1-768x612.jpeg 768w, https:\/\/www.pfarresanktnikolaus.at\/wp\/wp-content\/uploads\/2024\/11\/IMG_9078-1-1536x1225.jpeg 1536w, https:\/\/www.pfarresanktnikolaus.at\/wp\/wp-content\/uploads\/2024\/11\/IMG_9078-1-2048x1633.jpeg 2048w\" sizes=\"auto, (max-width: 1024px) 100vw, 1024px\" \/><\/a><\/figure>\n\n\n\n<figure class=\"wp-block-table tabelle1\"><table><thead><tr><th> Name <\/th><th> Funktion, Mitglied in&#8230; <\/th><th> Aufgabenbereich <\/th><\/tr><\/thead><tbody><tr><td>Wolfgang <strong>Unterberger<\/strong><\/td><td>Pfarrprovisor,<br>Vorsitzender des PGR und VVR, Pfarrleitungsteam<\/td><td><\/td><\/tr><tr><td>Renate <strong>Kletzl<\/strong><\/td><td>stv. Vorsitzende des PGR, Pfarrleitungsteam<\/td><td>Kinderpastoral: Erstkommunion, <br>Mission\/\u00adWeltkirche<\/td><\/tr><tr><td>Oliver <strong>Meidl<\/strong><\/td><td>Diakon, Pfarrleitungsteam<\/td><td>Caritas<\/td><\/tr><tr><td>Helga <strong>Bresich<\/strong><\/td><td>PGR, Pfarrleitungsteam<\/td><td>Liturgie, Mission\/\u00adWeltkirche, <br>Offene Kirche<\/td><\/tr><tr><td>Michael <strong>Bubits<\/strong><\/td><td>PGR<\/td><td><\/td><\/tr><tr><td>Nina <strong>Chalupsky<\/strong><\/td><td>PGR<\/td><td>\u00d6ffentlichkeits\u00adarbeit<\/td><\/tr><tr><td>Thomas <strong>Heimhilcher<\/strong><\/td><td>PGR<\/td><td><\/td><\/tr><tr><td>Ulrike <strong>Heimhilcher-Dohnal<\/strong><\/td><td>PGR<\/td><td>Jugendpastoral: Firmung<\/td><\/tr><tr><td>Ulrike <strong>Lahner-Trimmel<\/strong><\/td><td>PGR<\/td><td>Sch\u00f6pfungs\u00adverantwortung,<br>Gewalt- und Missbrauchs\u00adpr\u00e4vention<\/td><\/tr><tr><td>Philipp <strong>Lang<\/strong><\/td><td>PGR<\/td><td><\/td><\/tr><tr><td>Eva <strong>Malina<\/strong><\/td><td>PGR<\/td><td><\/td><\/tr><tr><td>Paul <strong>Petraschek<\/strong><\/td><td>PGR<\/td><td><\/td><\/tr><tr><td>Mirela <strong>Petrovic<\/strong> <\/td><td>PGR<\/td><td><\/td><\/tr><tr><td>Johannes <strong>Trimmel<\/strong><\/td><td>stv. Vorsitzender des&nbsp;VVR, Pfarrleitungsteam<\/td><td><\/td><\/tr><tr><td>Ludwig <strong>Bresich<\/strong><\/td><td>VVR<\/td><td><\/td><\/tr><tr><td>Helmut <strong>Heimhilcher<\/strong><\/td><td>VVR<\/td><td><\/td><\/tr><tr><td>Leo <strong>Knell<\/strong><\/td><td>VVR<\/td><td><\/td><\/tr><tr><td>Gabriela<strong> Twrznik<\/strong><\/td><td>VVR<\/td><td><\/td><\/tr><\/tbody><\/table><figcaption class=\"wp-element-caption\">Rechnungspr\u00fcferinnen: Michaela <strong>Kofler <\/strong>und Petra <strong>Hofer<\/strong><br>Stand: 3. November 2025<\/figcaption><\/figure>\n\n\n\n<p>Die <strong>n\u00e4chste Wahl <\/strong>findet im <strong>Fr\u00fchling 2027<\/strong> statt. Wollen Sie kandidieren? Dann k\u00f6nnen Sie sich ab September 2026 informieren, wie Sie Kandidat*in werden.<\/p>\n\n\n\n<h5 class=\"wp-block-heading auto-style2 has-medium-font-size\"><span class=\"auto-style4\"><b>Was macht der Pfarrgemeinderat?<\/b><\/span><\/h5>\n\n\n\n<p>Der PGR ist der Pastoralrat der Pfarre gem\u00e4\u00df <a href=\"https:\/\/www.vatican.va\/archive\/cod-iuris-canonici\/deu\/documents\/cic_libro2_cann515-552_ge.html\" data-type=\"URL\" data-id=\"https:\/\/www.vatican.va\/archive\/cod-iuris-canonici\/deu\/documents\/cic_libro2_cann515-552_ge.html\">c. 536 \u00a7 1 CIC<\/a>. Er f\u00f6rdert und initiiert initiativ in der Pfarre all das, wodurch Menschen den Weg zu Christus und zum Glauben finden. Die Mitglieder des PGR deuten die Zeichen der Zeit mit dem Anliegen, die Kraft des Evangeliums zur Entfaltung kommen zu lassen und als Kirche bei den Menschen zu sein. Der PGR ber\u00e4t den Pfarrer in den spezifischen Aufgaben, die dem Pfarrer als Leiter der Pfarre zukommen (<a href=\"https:\/\/www.vatican.va\/archive\/hist_councils\/ii_vatican_council\/documents\/vat-ii_decree_19651028_christus-dominus_ge.html\" data-type=\"URL\" data-id=\"https:\/\/www.vatican.va\/archive\/hist_councils\/ii_vatican_council\/documents\/vat-ii_decree_19651028_christus-dominus_ge.html\">Christus Dominus, 27<\/a>). Als ein Gremium der Mitverantwortung ist er bei wichtigen Fragen der Pastoral und des Lebens der Pfarre in die Entscheidungsfindung einzubeziehen (vgl. <a href=\"https:\/\/www.vatican.va\/archive\/cod-iuris-canonici\/deu\/documents\/cic_libro2_cann515-552_ge.html\" data-type=\"URL\" data-id=\"https:\/\/www.vatican.va\/archive\/cod-iuris-canonici\/deu\/documents\/cic_libro2_cann515-552_ge.html\">536 \u00a7 2 CIC<\/a>). Beschl\u00fcsse des PGR zu wichtigen pastoralen Fragen erfolgen im Einvernehmen mit dem Pfarrer, der Teil des PGR ist. Der PGR wird auf das Ziel kirchlichen Wirkens in der Welt von heute eigenverantwortlich t\u00e4tig und f\u00e4llt auch Entscheidungen in allen Bereichen, die dem Apostolat aller Gl\u00e4ubigen zugeordnet sind (<a href=\"https:\/\/www.vatican.va\/archive\/hist_councils\/ii_vatican_council\/documents\/vat-ii_decree_19651118_apostolicam-actuositatem_ge.html\" data-type=\"URL\" data-id=\"https:\/\/www.vatican.va\/archive\/hist_councils\/ii_vatican_council\/documents\/vat-ii_decree_19651118_apostolicam-actuositatem_ge.html\">Apostolicam Actuositatem, 26<\/a>). In der Kirche erg\u00e4nzen sich das Apostolat der Laien (=Nichtpriester) und der Dienst der Hirten (=Priester) (<a href=\"https:\/\/www.vatican.va\/archive\/hist_councils\/ii_vatican_council\/documents\/vat-ii_decree_19651118_apostolicam-actuositatem_ge.html\" data-type=\"URL\" data-id=\"https:\/\/www.vatican.va\/archive\/hist_councils\/ii_vatican_council\/documents\/vat-ii_decree_19651118_apostolicam-actuositatem_ge.html\">Apostolicam actuositatem, 6<\/a>).<br>Au\u00dferdem ernennt der Pfarrgemeinderat die Mitglieder des Verm\u00f6gensverwaltungsrats.<br><em>Aus: <a href=\"https:\/\/www.erzdioezese-wien.at\/pages\/inst\/14428131\/pfarrgemeinderatsordnung\/ordnungenentwicklungen\" data-type=\"URL\" data-id=\"https:\/\/www.erzdioezese-wien.at\/pages\/inst\/14428131\/pfarrgemeinderatsordnung\/ordnungenentwicklungen\">Ordnung f\u00fcr den Pfarrgemeinderat 2022, Erzdi\u00f6zese Wien<\/a><\/em><\/p>\n\n\n\n<p class=\"auto-style2\"><span class=\"auto-style4\">Alle Sitzungen des PGR sind \u00f6ffentlich zug\u00e4nglich und die Termine immer in den Mitteilungen  zu finden \u2013 Sie k\u00f6nnen gerne als Gast ohne Stimmrecht vorbeischauen und mit \u00fcberlegen.<\/span><\/p>\n\n\n\n<h4 class=\"wp-block-heading\" id=\"fachausschuss-zukunft-der-pfarrpastoral-zukunftsforum\">Unser Pastoralkonzept<\/h4>\n\n\n\n<p>Die Erzdi\u00f6zese Wien l\u00e4dt die Pfarrgemeinden ein, ein&nbsp; Pastoralkonzept zu erstellen. Das ist einerseits eine Bestandsaufnahme des aktuellen Pfarrlebens und andererseits auch ein Ausblick in die Zukunft.&nbsp; Der Pfarrgemeinderat hat nun ein Pastoralkonzept erstellt und freut sich auf R\u00fcckmeldungen aus der Pfarrgemeinde. Ein Pastoralkonzept wird lebendig und entwickelt sich weiter durch den Beitrag von m\u00f6glichst vielen Interessierten und Engagierten aus der Pfarrgemeinde. <a href=\"https:\/\/www.pfarresanktnikolaus.at\/wp\/?page_id=6793\" target=\"_blank\" rel=\"noreferrer noopener\">Unser Pastoralkonzept 2025<\/a><\/p>\n\n\n\n<h4 class=\"wp-block-heading\" id=\"ansprechpersonen-fur-themen\">Kontaktpersonen f\u00fcr Themen:<\/h4>\n\n\n\n<p>Haben Sie ein Anliegen, ein Problem, ein Thema &#8211; und wissen nicht, an wen Sie sich wenden sollen?<br>Die Liste der <a href=\"\/wp\/?page_id=165\">Kontaktpersonen f\u00fcr Themen<\/a> k\u00f6nnte Ihnen helfen.<br>Wenn Sie eine Kontaktperson erreichen wollen, rufen Sie in der Pfarrkanzlei an oder schreiben Sie ein Mail. Die Pfarrkanzlei leitet Ihr Anliegen gerne an die Kontaktperson weiter.<\/p>\n\n\n\n<p><\/p>\n\n\n\n<h4 class=\"wp-block-heading auto-style8\" id=\"kirchenbeitrag\">Kirchenbeitrag:<\/h4>\n\n\n\n<p class=\"auto-style2\">Bei Fragen zum <strong>Kirchenbeitrag<\/strong>  wenden Sie sich bitte an die<span class=\"auto-style4\"> Telefonnummer: <a href=\"tel:+43501552010\">05 0155 2010<\/a><\/span><\/p>\n","protected":false},"excerpt":{"rendered":"<p>F\u00fcr das Gebiet unserer Pfarre finden Sie auf dieser Seite alle Informationen zur seelsorglichen und pastoralen Verantwortung. In der Pfarrkanzlei sind unsere Kanzleikr\u00e4fte f\u00fcr Ihre Anliegen da. Seelsorge: Wolfgang UnterbergerPfarrprovisorSprechstunde: [&hellip;]<\/p>\n","protected":false},"author":60,"featured_media":3954,"parent":0,"menu_order":0,"comment_status":"closed","ping_status":"closed","template":"","meta":{"inline_featured_image":false,"footnotes":""},"class_list":["post-31","page","type-page","status-publish","has-post-thumbnail","hentry"],"_links":{"self":[{"href":"https:\/\/www.pfarresanktnikolaus.at\/wp\/index.php?rest_route=\/wp\/v2\/pages\/31","targetHints":{"allow":["GET"]}}],"collection":[{"href":"https:\/\/www.pfarresanktnikolaus.at\/wp\/index.php?rest_route=\/wp\/v2\/pages"}],"about":[{"href":"https:\/\/www.pfarresanktnikolaus.at\/wp\/index.php?rest_route=\/wp\/v2\/types\/page"}],"author":[{"embeddable":true,"href":"https:\/\/www.pfarresanktnikolaus.at\/wp\/index.php?rest_route=\/wp\/v2\/users\/60"}],"replies":[{"embeddable":true,"href":"https:\/\/www.pfarresanktnikolaus.at\/wp\/index.php?rest_route=%2Fwp%2Fv2%2Fcomments&post=31"}],"version-history":[{"count":104,"href":"https:\/\/www.pfarresanktnikolaus.at\/wp\/index.php?rest_route=\/wp\/v2\/pages\/31\/revisions"}],"predecessor-version":[{"id":7469,"href":"https:\/\/www.pfarresanktnikolaus.at\/wp\/index.php?rest_route=\/wp\/v2\/pages\/31\/revisions\/7469"}],"wp:featuredmedia":[{"embeddable":true,"href":"https:\/\/www.pfarresanktnikolaus.at\/wp\/index.php?rest_route=\/wp\/v2\/media\/3954"}],"wp:attachment":[{"href":"https:\/\/www.pfarresanktnikolaus.at\/wp\/index.php?rest_route=%2Fwp%2Fv2%2Fmedia&parent=31"}],"curies":[{"name":"wp","href":"https:\/\/api.w.org\/{rel}","templated":true}]}}