{"id":3,"date":"2020-01-18T16:29:43","date_gmt":"2020-01-18T15:29:43","guid":{"rendered":"https:\/\/www.pfarresanktnikolaus.at\/wp\/?page_id=3"},"modified":"2020-03-28T21:55:05","modified_gmt":"2020-03-28T20:55:05","slug":"datenschutzerklaerung","status":"publish","type":"page","link":"https:\/\/www.pfarresanktnikolaus.at\/wp\/?page_id=3","title":{"rendered":"Datenschutzerkl\u00e4rung"},"content":{"rendered":"\n<h2 class=\"wp-block-heading\">Wer wir sind<\/h2>\n\n\n\n<p>Die Adresse unserer Website ist: www.pfarresanktnikolaus.at<br>Informationen zum Medieninhaber finden Sie im <a href=\"https:\/\/www.pfarresanktnikolaus.at\/wp\/?page_id=360\">Impressum<\/a>.<\/p>\n\n\n\n<h2 class=\"wp-block-heading\">Welche personenbezogenen Daten wir sammeln und warum wir sie sammeln<\/h2>\n\n\n\n<p>Der Schutz Ihrer pers\u00f6nlichen Daten ist uns ein besonderes Anliegen. Wir verarbeiten Ihre Daten daher ausschlie\u00dflich auf Grundlage der gesetzlichen Bestimmungen (DSGVO, DSG, TKG 2003).  Nachfolgend informieren wir Sie \u00fcber die Verarbeitung Ihrer personenbezogenen Daten durch uns und die Ihnen nach den datenschutzrechtlichen Regelungen zustehenden Anspr\u00fcche und Rechte. Wenn Sie unsere Website oder unsere Kontaktkan\u00e4le nutzen, stimmen Sie  dieser Datenschutzbestimmung zu. Wenn Sie dieser Datenschutzbestimmung  nicht zustimmen, dann sollten Sie unsere Website oder unsere Kontaktkan\u00e4le nicht benutzen. <\/p>\n\n\n\n<p>Wir <strong>verarbeiten<\/strong> nur jene personenbezogenen Daten, \ndie Sie uns im Rahmen Ihrer pastoralen Verbindung zur Katholischen \nKirche in \u00d6sterreich, einer Anfrage, Registrierung (z.B. als \nNutzerin\/Nutzer einer Website), Anmeldung, Bestellung oder zum Abschluss\n eines Vertragsverh\u00e4ltnisses zur Verf\u00fcgung stellen.<\/p>\n\n\n\n<p>Innerhalb der Katholischen Kirche in \u00d6sterreich <strong>erhalten<\/strong>\n nur diejenigen Stellen bzw. Mitarbeiterinnen und Mitarbeiter Zugang zu \nIhren personenbezogenen Daten, die diese zur Erf\u00fcllung ihrer \nvertraglichen und\/oder gesetzlichen Pflichten sowie berechtigten \n(beruflichen) Interessen ben\u00f6tigen.<\/p>\n\n\n\n<h3 class=\"wp-block-heading\"><strong>Kontakt mit uns:<\/strong><\/h3>\n\n\n\n<p>Unsere Mailadresse lautet <a href=\"mailto:pfarre.inzersdorf@katholischekirche.at\">pfarre.inzersdorf@katholischekirche.at<\/a>. Wir bitten Sie, alle Nachrichten an diese Mailadresse zu schicken. Dieses E-Mail-Postfach liegt direkt auf Servern der Erzdi\u00f6zese Wien und wird durch diese gesichert. Wenn Sie per Website oder per E-Mail Kontakt mit uns aufnehmen, werden Ihre angegebenen Daten zwecks Bearbeitung der Anfrage und f\u00fcr den Fall von Anschlussfragen sechs Monate bei uns gespeichert. Diese Daten werden ohne Ihre Einwilligung nicht weitergegeben.<\/p>\n\n\n\n<p>Ausschlie\u00dflich zu Zwecken der \u00d6ffentlichkeitsarbeit k\u00f6nnen Sie uns auch an <a href=\"mailto:blickpunkt@pfarresanktnikolaus.at\">blickpunkt@pfarresanktnikolaus.at<\/a> schreiben. Dieses E-Mail-Postfach liegt auf den Servern von World4You und wird durch diese gesichert.<\/p>\n\n\n\n<p> <strong>Name und Kontaktdaten des Verantwortlichen:<\/strong> <br> Katholische Kirche in \u00d6sterreich<br> Wollzeile 2 <br> 1010 Wien<br> <br> <strong>Kontaktdaten des Datenschutzbeauftragten:<\/strong><br> B\u00fcro des Datenschutzbeauftragten <br> Wollzeile 2 <br> 1010 Wien <\/p>\n\n\n\n<h3 class=\"wp-block-heading\">Kommentare<\/h3>\n\n\n\n<p>Wenn Besucher Kommentare auf der Website schreiben, sammeln wir die Daten, die im Kommentar-Formular angezeigt werden, au\u00dferdem die IP-Adresse des Besuchers und den User-Agent-String (damit wird der Browser identifiziert), um die Erkennung von Spam zu unterst\u00fctzen.<\/p>\n\n\n\n<p><\/p>\n\n\n\n<p>Aus Ihrer E-Mail-Adresse kann eine anonymisierte Zeichenfolge erstellt  (auch Hash genannt) und dem Gravatar-Dienst \u00fcbergeben werden, um zu  pr\u00fcfen, ob Sie diesen benutzen. Die Datenschutzerkl\u00e4rung des  Gravatar-Dienstes finden Sie hier: <a href=\"https:\/\/automattic.com\/privacy\/\" target=\"_blank\" rel=\"noreferrer noopener\" aria-label=\"https:\/\/automattic.com\/privacy\/ (\u00f6ffnet in neuem Tab)\">https:\/\/automattic.com\/privacy\/<\/a>.  Nachdem Ihr Kommentar freigegeben wurde, ist  Ihr Profilbild \u00f6ffentlich  im Kontext Ihres Kommentars sichtbar. <\/p>\n\n\n\n<h3 class=\"wp-block-heading\">Medien<\/h3>\n\n\n\n<p>Wenn Sie ein registrierter Benutzer sind und Fotos auf diese Websiteladen, sollten Sie vermeiden, Fotos mit einem EXIF-GPS-Standort hochzuladen. Besucher dieser Website k\u00f6nnten Fotos, die auf dieser Website gespeichert sind, herunterladen und deren Standort-Informationen extrahieren.<\/p>\n\n\n\n<h3 class=\"wp-block-heading\">Cookies<\/h3>\n\n\n\n<p>Bei Cookies handelt es sich um kleine Textdateien, die lokal im Zwischenspeicher des Internetbrowsers des Seitenbesuchers gespeichert werden. Die Cookies erm\u00f6glichen die Wiedererkennung des Internetbrowsers.<\/p>\n\n\n\n<p>Die Pfarre St. Nikolaus verwendet Cookies lediglich zu anonymen Statistikzwecken. Wenn Sie einen Kommentar auf unserer Website schreiben, kann das eine Einwilligung sein, Ihren Namen, E-Mail-Adresse und Website in Cookies zu speichern. Dies ist eine Komfortfunktion, damit Sie nicht, wenn Sie einen weiteren Kommentar schreiben, all diese Daten erneut eingeben m\u00fcssen. Diese Cookies werden ein Jahr lang gespeichert.<\/p>\n\n\n\n<p>Falls Sie ein Konto haben und sich auf dieser Website anmelden, werden wir ein tempor\u00e4res Cookie setzen, um festzustellen, ob Ihr Browser Cookies akzeptiert. Dieses Cookie enth\u00e4lt keine personenbezogenen Daten und wird verworfen, wenn Sie Ihren  Browser schlie\u00dfen.<br> Wenn Sie sich anmelden, werden wir einige Cookies einrichten, um Ihre Anmeldeinformationen und Anzeigeoptionen zu speichern. Anmelde-Cookies verfallen nach zwei Tagen und Cookies f\u00fcr die Anzeigeoptionen nach einem Jahr. Falls Sie bei der Anmeldung \u201eAngemeldet bleiben\u201c ausw\u00e4hlen, wird Ihre Anmeldung zwei Wochen lang aufrechterhalten. Mit der Abmeldung aus Ihrem Konto werden die Anmelde-Cookies gel\u00f6scht.<\/p>\n\n\n\n<p>Wenn Sie einen Artikel bearbeiten oder ver\u00f6ffentlichen, wird ein zus\u00e4tzlicher Cookie in Ihrem Browser gespeichert. Dieser Cookie enth\u00e4lt keine personenbezogenen Daten und verweist nur auf die Beitrags-ID des Artikels, den Sie gerade bearbeitet haben. Der Cookie verf\u00e4llt nach einem Tag.<\/p>\n\n\n\n<p>Wo k\u00f6nnen Cookies im Browser ausgeschaltet\/gel\u00f6scht werden?<br> In den Einstellungen des Browsers k\u00f6nnen Cookies ausgeschaltet werden. Bereits gesetzte Cookies k\u00f6nnen \u00fcber die Funktion Chronik\/Verlauf (dort \u201eCookies&#8220; ausw\u00e4hlen) gel\u00f6scht werden. Die Website <a href=\"http:\/\/www.aboutcookies.org\/\" target=\"_blank\" rel=\"noreferrer noopener\" aria-label=\"http:\/\/www.aboutcookies.org\/ (\u00f6ffnet in neuem Tab)\">http:\/\/www.aboutcookies.org\/<\/a> bietet genaue Anleitungen zum Ausschalten von Cookies in diversen Browsern.<\/p>\n\n\n\n<h3 class=\"wp-block-heading\">Eingebettete Inhalte von anderen Websites<\/h3>\n\n\n\n<p>Beitr\u00e4ge auf dieser Website k\u00f6nnen eingebettete Inhalte beinhalten (z. B. Videos, Bilder, Beitr\u00e4ge etc.). Eingebettete Inhalte von anderen Websites verhalten sich exakt so, als ob der Besucher die andere Website besucht h\u00e4tte.<\/p>\n\n\n\n<p>Diese Website kann Daten \u00fcber Sie sammeln, Cookies benutzen, zus\u00e4tzliche Tracking-Dienste von Dritten einbetten und Ihre Interaktion mit diesem eingebetteten Inhalt aufzeichnen, inklusive Ihrer Interaktion mit dem eingebetteten Inhalt, falls Sie ein Konto haben und auf dieser Website angemeldet sind.<\/p>\n\n\n\n<h3 class=\"wp-block-heading\">Analysedienste<\/h3>\n\n\n\n<p>Zur Zugriffsstatistik werden ausschlie\u00dflich Tools des \u00f6sterreichischen Anbieters World4You genutzt. Die dadurch erzeugten Informationen werden auf den Server des Anbieters \u00fcbertragen, wo sie sowieso schon sind, da die gesamte Webseite dort gehostet wird, und dort gespeichert. Aus Gr\u00fcnden der Betriebssicherheit, zur Erstellung der Zugriffsstatistik usw. werden von World4You Webserver-Logfiles erstellt. Diese Logdateien werden gem\u00e4\u00df der DSGVO zwei Wochen lang gespeichert. In diesem Zusammenhang werden keine Cookies gesetzt und keine Analysetools eingesetzt.<\/p>\n\n\n\n<p>Wir haben mit dem Anbieter einen entsprechenden Vertrag zur Auftragsdatenverarbeitung abgeschlossen.  <\/p>\n\n\n\n<h3 class=\"wp-block-heading\">Kein Verkauf<\/h3>\n\n\n\n<p>Wir werden nie personenbezogene Daten an Dritte verkaufen.<\/p>\n\n\n\n<h2 class=\"wp-block-heading\">Wie lange wir Ihre Daten speichern<\/h2>\n\n\n\n<p>Wenn Sie einen Kommentar schreiben, wird dieser inklusive Metadaten zeitlich unbegrenzt gespeichert. Auf diese Art k\u00f6nnen wir Folgekommentare automatisch erkennen und freigeben, anstelle diese in einer Moderations-Warteschlange festzuhalten.<\/p>\n\n\n\n<p>F\u00fcr Benutzer, die sich auf unserer Website registrieren, speichern wir zus\u00e4tzlich die pers\u00f6nlichen Informationen, die sie in ihren Benutzerprofilen angeben. Alle Benutzer k\u00f6nnen jederzeit ihre pers\u00f6nlichen Informationen einsehen, ver\u00e4ndern oder l\u00f6schen (der Benutzername kann nicht ver\u00e4ndert werden). Administratoren der Website k\u00f6nnen diese Informationen ebenfalls einsehen und ver\u00e4ndern.<\/p>\n\n\n\n<h2 class=\"wp-block-heading\">Welche Rechte Sie an Ihren Daten haben<\/h2>\n\n\n\n<p>Ihnen stehen bez\u00fcglich Ihrer bei uns gespeicherten Daten grunds\u00e4tzlich die Rechte auf Auskunft, Berichtigung, L\u00f6schung, Einschr\u00e4nkung, Daten\u00fcbertragbarkeit, Widerruf und Widerspruch zu. Wenn Sie glauben, dass die Verarbeitung Ihrer Daten gegen das Datenschutzrecht verst\u00f6\u00dft oder Ihre datenschutzrechtlichen Anspr\u00fcche sonst in einer Weise verletzt worden sind, k\u00f6nnen Sie sich bei der uns oder der Datenschutzbeh\u00f6rde beschweren. <\/p>\n\n\n\n<h2 class=\"wp-block-heading\">Wohin wir Ihre Daten senden<\/h2>\n\n\n\n<p>Besucher-Kommentare k\u00f6nnten von einem automatisierten Dienst zur Spam-Erkennung untersucht werden.<\/p>\n\n\n\n<h2 class=\"wp-block-heading\">Weitere Informationen<\/h2>\n\n\n\n<p>Sie haben das Recht auf Auskunft \u00fcber die gespeicherten Daten gem\u00e4\u00df Art 15 DSGVO, auf Berichtigung  unzutreffender  Daten gem\u00e4\u00df  Art  16  DSGVO,  auf  L\u00f6schung von  Daten  gem\u00e4\u00df Art  17  DSGVO,  auf Einschr\u00e4nkung  der  Verarbeitung  von  Daten gem\u00e4\u00df Art  18  DSGVO,  auf Daten\u00fcbertragbarkeit gem\u00e4\u00df Art 20 DSGVO sowie auf Widerspruch gegen die unzumutbare Datenverarbeitung gem\u00e4\u00df Art 21 DSGVO.<\/p>\n\n\n\n<p>Sofern  die  Verarbeitung  aufgrund  einer  Einwilligungserkl\u00e4rung  erfolgt,  haben  Sie  die  M\u00f6g-lichkeit,  diese  jederzeit  zu  widerrufen,ohne  dass  die  Rechtm\u00e4\u00dfigkeit  der  aufgrund  der  Einwilligung bis zum Widerruf erfolgten Verarbeitung ber\u00fchrt wird.<\/p>\n\n\n\n<p>Sie haben das Recht, sich bei der Aufsichtsbeh\u00f6rde zu beschweren \u2013 zust\u00e4ndig ist in \u00d6sterreich die Datenschutzbeh\u00f6rde. Die  Anschrift  lautet:  \u00d6sterreichische  Datenschutzbeh\u00f6rde,  Wickenburggasse  8,  1080 Wien, Telefon: +43 1 52 152-0, E-Mail: dsb@dsb.gv.at <\/p>\n\n\n\n<h3 class=\"wp-block-heading\">Downloads<\/h3>\n\n\n\n<p>Nicht alle Dateien zum Herunterladen sind barrierefrei. Die Pfarre St. Nikoluas arbeitet daran, das Angebot an barrierefreien PDF-Dateien zu erweitern. Sollten Inhalte aus Dokumenten f\u00fcr Sie nicht zug\u00e4nglich sein, wenden Sie sich diesbez\u00fcglich an den Webmaster: (<a href=\"mailto:blickpunkt@pfarresanktnikolaus.at\">Mail<\/a>). Die Pfarre wird sich bem\u00fchen, Ihnen die Inhalte auf einem anderen Weg zur Verf\u00fcgung zu stellen.<\/p>\n","protected":false},"excerpt":{"rendered":"<p>Wer wir sind Die Adresse unserer Website ist: www.pfarresanktnikolaus.atInformationen zum Medieninhaber finden Sie im Impressum. Welche personenbezogenen Daten wir sammeln und warum wir sie sammeln Der Schutz Ihrer pers\u00f6nlichen Daten [&hellip;]<\/p>\n","protected":false},"author":1,"featured_media":175,"parent":0,"menu_order":0,"comment_status":"closed","ping_status":"open","template":"","meta":{"inline_featured_image":false,"footnotes":""},"class_list":["post-3","page","type-page","status-publish","has-post-thumbnail","hentry"],"_links":{"self":[{"href":"https:\/\/www.pfarresanktnikolaus.at\/wp\/index.php?rest_route=\/wp\/v2\/pages\/3","targetHints":{"allow":["GET"]}}],"collection":[{"href":"https:\/\/www.pfarresanktnikolaus.at\/wp\/index.php?rest_route=\/wp\/v2\/pages"}],"about":[{"href":"https:\/\/www.pfarresanktnikolaus.at\/wp\/index.php?rest_route=\/wp\/v2\/types\/page"}],"author":[{"embeddable":true,"href":"https:\/\/www.pfarresanktnikolaus.at\/wp\/index.php?rest_route=\/wp\/v2\/users\/1"}],"replies":[{"embeddable":true,"href":"https:\/\/www.pfarresanktnikolaus.at\/wp\/index.php?rest_route=%2Fwp%2Fv2%2Fcomments&post=3"}],"version-history":[{"count":7,"href":"https:\/\/www.pfarresanktnikolaus.at\/wp\/index.php?rest_route=\/wp\/v2\/pages\/3\/revisions"}],"predecessor-version":[{"id":941,"href":"https:\/\/www.pfarresanktnikolaus.at\/wp\/index.php?rest_route=\/wp\/v2\/pages\/3\/revisions\/941"}],"wp:featuredmedia":[{"embeddable":true,"href":"https:\/\/www.pfarresanktnikolaus.at\/wp\/index.php?rest_route=\/wp\/v2\/media\/175"}],"wp:attachment":[{"href":"https:\/\/www.pfarresanktnikolaus.at\/wp\/index.php?rest_route=%2Fwp%2Fv2%2Fmedia&parent=3"}],"curies":[{"name":"wp","href":"https:\/\/api.w.org\/{rel}","templated":true}]}}