{"id":2248,"date":"2020-09-25T11:24:57","date_gmt":"2020-09-25T09:24:57","guid":{"rendered":"https:\/\/www.pfarresanktnikolaus.at\/wp\/?page_id=2248"},"modified":"2024-07-28T12:37:43","modified_gmt":"2024-07-28T10:37:43","slug":"aktuelles-termine","status":"publish","type":"page","link":"https:\/\/www.pfarresanktnikolaus.at\/wp\/?page_id=2248","title":{"rendered":"Aktuelles &#038; Termine"},"content":{"rendered":"\n<p>Behalten Sie den \u00dcberblick!<\/p>\n\n\n\n<h3 class=\"wp-block-heading\">Kommende Termine:<\/h3>\n\n\n\n<p>Im Footer sowie auf der Startseite finden Sie einen Link, um zu den Wochenmitteilungen zu gelangen.<\/p>\n\n\n\n<h3 class=\"wp-block-heading\">Pfarrleben gestern &amp; heute:<\/h3>\n\n\n\n<p>Foto- und Textberichte von vergangenen Veranstaltungen und Gottesdiensten in einer bebilderten Pfarrchronik finden Sie hier:<\/p>\n\n\n<ul class=\"wp-block-latest-posts__list is-grid columns-3 has-dates wp-block-latest-posts\"><li><div class=\"wp-block-latest-posts__featured-image alignleft\"><img fetchpriority=\"high\" decoding=\"async\" width=\"300\" height=\"225\" src=\"https:\/\/www.pfarresanktnikolaus.at\/wp\/wp-content\/uploads\/2026\/04\/IMG_E0222-300x225.jpg\" class=\"attachment-medium size-medium faith-first-image skip-lazy wp-post-image\" alt=\"Firmung am 26.4.2026 (c) O.Meidl\" style=\"\" srcset=\"https:\/\/www.pfarresanktnikolaus.at\/wp\/wp-content\/uploads\/2026\/04\/IMG_E0222-300x225.jpg 300w, https:\/\/www.pfarresanktnikolaus.at\/wp\/wp-content\/uploads\/2026\/04\/IMG_E0222-1024x768.jpg 1024w, https:\/\/www.pfarresanktnikolaus.at\/wp\/wp-content\/uploads\/2026\/04\/IMG_E0222-768x576.jpg 768w, https:\/\/www.pfarresanktnikolaus.at\/wp\/wp-content\/uploads\/2026\/04\/IMG_E0222-1536x1152.jpg 1536w, https:\/\/www.pfarresanktnikolaus.at\/wp\/wp-content\/uploads\/2026\/04\/IMG_E0222-2048x1536.jpg 2048w\" sizes=\"(max-width: 300px) 100vw, 300px\" loading=\"eager\" \/><\/div><a class=\"wp-block-latest-posts__post-title\" href=\"https:\/\/www.pfarresanktnikolaus.at\/wp\/?p=7875\">Firmung \u2013 Erstkommunion 2026<\/a><time datetime=\"2026-04-26T14:31:16+02:00\" class=\"wp-block-latest-posts__post-date\">26. April 2026<\/time><\/li>\n<li><div class=\"wp-block-latest-posts__featured-image alignleft\"><img loading=\"lazy\" decoding=\"async\" width=\"300\" height=\"225\" src=\"https:\/\/www.pfarresanktnikolaus.at\/wp\/wp-content\/uploads\/2026\/03\/IMG_7717-300x225.jpeg\" class=\"attachment-medium size-medium wp-post-image\" alt=\"Osterkerzen 2026 (c) Nina Chalupsky\" style=\"\" srcset=\"https:\/\/www.pfarresanktnikolaus.at\/wp\/wp-content\/uploads\/2026\/03\/IMG_7717-300x225.jpeg 300w, https:\/\/www.pfarresanktnikolaus.at\/wp\/wp-content\/uploads\/2026\/03\/IMG_7717-1024x768.jpeg 1024w, https:\/\/www.pfarresanktnikolaus.at\/wp\/wp-content\/uploads\/2026\/03\/IMG_7717-768x576.jpeg 768w, https:\/\/www.pfarresanktnikolaus.at\/wp\/wp-content\/uploads\/2026\/03\/IMG_7717-1536x1152.jpeg 1536w, https:\/\/www.pfarresanktnikolaus.at\/wp\/wp-content\/uploads\/2026\/03\/IMG_7717.jpeg 2048w\" sizes=\"auto, (max-width: 300px) 100vw, 300px\" \/><\/div><a class=\"wp-block-latest-posts__post-title\" href=\"https:\/\/www.pfarresanktnikolaus.at\/wp\/?p=7810\">Unsere Osterkerze 2026 soll Freude bereiten<\/a><time datetime=\"2026-03-31T20:30:58+02:00\" class=\"wp-block-latest-posts__post-date\">31. M\u00e4rz 2026<\/time><\/li>\n<li><div class=\"wp-block-latest-posts__featured-image alignleft\"><img loading=\"lazy\" decoding=\"async\" width=\"300\" height=\"169\" src=\"https:\/\/www.pfarresanktnikolaus.at\/wp\/wp-content\/uploads\/2026\/03\/688b8fb5-e8ee-49ec-89c6-d8427ae26e2a-300x169.jpg\" class=\"attachment-medium size-medium wp-post-image\" alt=\"Palmsonntag 29.3.26 (c) Nina Chalupsky\" style=\"\" srcset=\"https:\/\/www.pfarresanktnikolaus.at\/wp\/wp-content\/uploads\/2026\/03\/688b8fb5-e8ee-49ec-89c6-d8427ae26e2a-300x169.jpg 300w, https:\/\/www.pfarresanktnikolaus.at\/wp\/wp-content\/uploads\/2026\/03\/688b8fb5-e8ee-49ec-89c6-d8427ae26e2a-1024x576.jpg 1024w, https:\/\/www.pfarresanktnikolaus.at\/wp\/wp-content\/uploads\/2026\/03\/688b8fb5-e8ee-49ec-89c6-d8427ae26e2a-768x432.jpg 768w, https:\/\/www.pfarresanktnikolaus.at\/wp\/wp-content\/uploads\/2026\/03\/688b8fb5-e8ee-49ec-89c6-d8427ae26e2a-1536x864.jpg 1536w, https:\/\/www.pfarresanktnikolaus.at\/wp\/wp-content\/uploads\/2026\/03\/688b8fb5-e8ee-49ec-89c6-d8427ae26e2a.jpg 2000w\" sizes=\"auto, (max-width: 300px) 100vw, 300px\" \/><\/div><a class=\"wp-block-latest-posts__post-title\" href=\"https:\/\/www.pfarresanktnikolaus.at\/wp\/?p=7775\">Ostern 2026<\/a><time datetime=\"2026-03-22T16:27:38+01:00\" class=\"wp-block-latest-posts__post-date\">22. M\u00e4rz 2026<\/time><\/li>\n<li><div class=\"wp-block-latest-posts__featured-image alignleft\"><img loading=\"lazy\" decoding=\"async\" width=\"300\" height=\"101\" src=\"https:\/\/www.pfarresanktnikolaus.at\/wp\/wp-content\/uploads\/2020\/03\/Blickpunkt-Kollage-scaled-e1600174344731-300x101.jpg\" class=\"attachment-medium size-medium wp-post-image\" alt=\"Blickpunkt. \u00a9 Oliver Meidl\" style=\"\" srcset=\"https:\/\/www.pfarresanktnikolaus.at\/wp\/wp-content\/uploads\/2020\/03\/Blickpunkt-Kollage-scaled-e1600174344731-300x101.jpg 300w, https:\/\/www.pfarresanktnikolaus.at\/wp\/wp-content\/uploads\/2020\/03\/Blickpunkt-Kollage-scaled-e1600174344731-1024x346.jpg 1024w, https:\/\/www.pfarresanktnikolaus.at\/wp\/wp-content\/uploads\/2020\/03\/Blickpunkt-Kollage-scaled-e1600174344731-768x260.jpg 768w, https:\/\/www.pfarresanktnikolaus.at\/wp\/wp-content\/uploads\/2020\/03\/Blickpunkt-Kollage-scaled-e1600174344731-1536x519.jpg 1536w, https:\/\/www.pfarresanktnikolaus.at\/wp\/wp-content\/uploads\/2020\/03\/Blickpunkt-Kollage-scaled-e1600174344731-2048x693.jpg 2048w\" sizes=\"auto, (max-width: 300px) 100vw, 300px\" \/><\/div><a class=\"wp-block-latest-posts__post-title\" href=\"https:\/\/www.pfarresanktnikolaus.at\/wp\/?p=7753\">Schicken Sie uns Ihre Anekdoten!<\/a><time datetime=\"2026-02-10T18:07:49+01:00\" class=\"wp-block-latest-posts__post-date\">10. Februar 2026<\/time><\/li>\n<li><div class=\"wp-block-latest-posts__featured-image alignleft\"><img loading=\"lazy\" decoding=\"async\" width=\"300\" height=\"200\" src=\"https:\/\/www.pfarresanktnikolaus.at\/wp\/wp-content\/uploads\/2022\/11\/IMG_9145-300x200.jpg\" class=\"attachment-medium size-medium wp-post-image\" alt=\"Kirche Altar Fischauge \u00a9 Peter Janacek FZA\" style=\"\" srcset=\"https:\/\/www.pfarresanktnikolaus.at\/wp\/wp-content\/uploads\/2022\/11\/IMG_9145-300x200.jpg 300w, https:\/\/www.pfarresanktnikolaus.at\/wp\/wp-content\/uploads\/2022\/11\/IMG_9145-1024x684.jpg 1024w, https:\/\/www.pfarresanktnikolaus.at\/wp\/wp-content\/uploads\/2022\/11\/IMG_9145-768x513.jpg 768w, https:\/\/www.pfarresanktnikolaus.at\/wp\/wp-content\/uploads\/2022\/11\/IMG_9145-1536x1025.jpg 1536w, https:\/\/www.pfarresanktnikolaus.at\/wp\/wp-content\/uploads\/2022\/11\/IMG_9145.jpg 2048w\" sizes=\"auto, (max-width: 300px) 100vw, 300px\" \/><\/div><a class=\"wp-block-latest-posts__post-title\" href=\"https:\/\/www.pfarresanktnikolaus.at\/wp\/?p=7736\">Information zur zuk\u00fcnftigen Entwicklung der Pfarre<\/a><time datetime=\"2026-01-26T12:07:13+01:00\" class=\"wp-block-latest-posts__post-date\">26. Januar 2026<\/time><\/li>\n<\/ul>\n\n\n<p>W\u00e4hlen Sie den Link hier, um <a href=\"https:\/\/www.pfarresanktnikolaus.at\/wp\/?cat=1\" data-type=\"URL\" data-id=\"https:\/\/www.pfarresanktnikolaus.at\/wp\/?cat=1\">\u00e4ltere Eintr\u00e4ge aus dem Pfarrleben<\/a> sehen zu k\u00f6nnen.<\/p>\n\n\n\n<p>F\u00fcr weitere aktuelle Eindr\u00fccke beachten Sie bitte die Beitr\u00e4ge auf <a href=\"https:\/\/www.instagram.com\/pfarre_stnikolaus\/\" data-type=\"link\" data-id=\"https:\/\/www.instagram.com\/pfarre_stnikolaus\/\">I<\/a><a href=\"https:\/\/www.instagram.com\/pfarre_stnikolaus\/\" data-type=\"link\" data-id=\"https:\/\/www.instagram.com\/pfarre_stnikolaus\/\" target=\"_blank\" rel=\"noreferrer noopener\">n<\/a><a href=\"https:\/\/www.instagram.com\/pfarre_stnikolaus\/\" data-type=\"link\" data-id=\"https:\/\/www.instagram.com\/pfarre_stnikolaus\/\">stagram<\/a>.<\/p>\n\n\n\n<h3 class=\"wp-block-heading\">BLICKpunkt:<\/h3>\n\n\n\n<p>Sie k\u00f6nnen <a href=\"https:\/\/www.pfarresanktnikolaus.at\/wp\/?page_id=89\" data-type=\"page\" data-id=\"89\">Ausgaben unserer Zeitschrift BLICKpunkt<\/a> online lesen.<\/p>\n","protected":false},"excerpt":{"rendered":"<p>Behalten Sie den \u00dcberblick! Kommende Termine: Im Footer sowie auf der Startseite finden Sie einen Link, um zu den Wochenmitteilungen zu gelangen. Pfarrleben gestern &amp; heute: Foto- und Textberichte von [&hellip;]<\/p>\n","protected":false},"author":1,"featured_media":0,"parent":0,"menu_order":0,"comment_status":"closed","ping_status":"closed","template":"","meta":{"inline_featured_image":false,"footnotes":""},"class_list":["post-2248","page","type-page","status-publish","hentry"],"_links":{"self":[{"href":"https:\/\/www.pfarresanktnikolaus.at\/wp\/index.php?rest_route=\/wp\/v2\/pages\/2248","targetHints":{"allow":["GET"]}}],"collection":[{"href":"https:\/\/www.pfarresanktnikolaus.at\/wp\/index.php?rest_route=\/wp\/v2\/pages"}],"about":[{"href":"https:\/\/www.pfarresanktnikolaus.at\/wp\/index.php?rest_route=\/wp\/v2\/types\/page"}],"author":[{"embeddable":true,"href":"https:\/\/www.pfarresanktnikolaus.at\/wp\/index.php?rest_route=\/wp\/v2\/users\/1"}],"replies":[{"embeddable":true,"href":"https:\/\/www.pfarresanktnikolaus.at\/wp\/index.php?rest_route=%2Fwp%2Fv2%2Fcomments&post=2248"}],"version-history":[{"count":7,"href":"https:\/\/www.pfarresanktnikolaus.at\/wp\/index.php?rest_route=\/wp\/v2\/pages\/2248\/revisions"}],"predecessor-version":[{"id":6042,"href":"https:\/\/www.pfarresanktnikolaus.at\/wp\/index.php?rest_route=\/wp\/v2\/pages\/2248\/revisions\/6042"}],"wp:attachment":[{"href":"https:\/\/www.pfarresanktnikolaus.at\/wp\/index.php?rest_route=%2Fwp%2Fv2%2Fmedia&parent=2248"}],"curies":[{"name":"wp","href":"https:\/\/api.w.org\/{rel}","templated":true}]}}